{"id":1352,"date":"2021-07-20T14:55:53","date_gmt":"2021-07-20T12:55:53","guid":{"rendered":"https:\/\/dlaoswiaty.pl\/?page_id=1352"},"modified":"2025-03-12T10:08:27","modified_gmt":"2025-03-12T09:08:27","slug":"szk_zaw_art","status":"publish","type":"page","link":"https:\/\/dlaoswiaty.pl\/index.php\/szk_zaw_art\/","title":{"rendered":"Szk_Zaw_art"},"content":{"rendered":"<p>[et_pb_section fb_built=&#8221;1&#8243; _builder_version=&#8221;3.26.3&#8243; background_color=&#8221;#d6d6d6&#8243; custom_margin=&#8221;-13px||-93px|||&#8221; custom_padding=&#8221;45px||78px||false|false&#8221; top_divider_color=&#8221;#DDDDDD&#8221;][et_pb_row column_structure=&#8221;1_4,3_4&#8243; custom_padding=&#8221;0px||40px|||&#8221; _builder_version=&#8221;3.26.3&#8243; min_height=&#8221;104px&#8221;][et_pb_column type=&#8221;1_4&#8243; _builder_version=&#8221;3.26.3&#8243;][\/et_pb_column][et_pb_column type=&#8221;3_4&#8243; _builder_version=&#8221;3.26.3&#8243;][et_pb_text _builder_version=&#8221;3.26.3&#8243; min_height=&#8221;16px&#8221; custom_padding=&#8221;||1px|||&#8221;]<\/p>\n<h1>Podyplomowe bez \u017cadnej kontroli<\/h1>\n<p>[\/et_pb_text][et_pb_text _builder_version=&#8221;3.26.3&#8243; custom_margin=&#8221;-22px|||||&#8221; custom_padding=&#8221;||22px|||&#8221;]<\/p>\n<h4><span style=\"color: #000000;\">S\u0142uchacze skar\u017c\u0105 si\u0119 na nisk\u0105 jako\u015b\u0107 nauczania. Zdaniem ekspert\u00f3w studia podyplomowe powinny by\u0107 kontrolowane. Resort nauki bada problem.<\/span><\/h4>\n<p>[\/et_pb_text][et_pb_text _builder_version=&#8221;3.26.3&#8243; text_text_align=&#8221;left&#8221; text_font_size=&#8221;16px&#8221; text_line_height=&#8221;1.6em&#8221; header_text_align=&#8221;left&#8221; header_text_color=&#8221;#000000&#8243; min_height=&#8221;353px&#8221; custom_margin=&#8221;-30px||0px|||&#8221; custom_padding=&#8221;0px||44px|||&#8221;]<\/p>\n<p>Eksperci alarmuj\u0105, \u017ce w przypadku niekt\u00f3rych studi\u00f3w podyplomowych poziom oferowanego kszta\u0142cenia jest w\u0105tpliwy. &#8211; Wystarczy p\u0142aci\u0107 i online bra\u0107 udzia\u0142 w zaj\u0119ciach, po czym uzyskuje si\u0119 dyplom potwierdzaj\u0105cy okre\u015blone kwalifikacje &#8211; m\u00f3wi prof. Waldemar T\u0142oki\u0144ski, przewodnicz\u0105cy Konferencji Rektor\u00f3w Zawodowych Szk\u00f3\u0142 Polskich (KRZaSP). Czasem s\u0142uchacz przekracza pr\u00f3g uczelni jedynie dwa razy &#8211; pierwszy raz zapisuj\u0105c si\u0119 na studia podyplomowe, drugi odbieraj\u0105c dyplom ich uko\u0144czenia. &#8211; To tak, jakby boksera wypu\u015bci\u0107 na ring po kursie korespondencyjnym. To s\u0105 fikcyjne studia, a nie prawdziwa nauka. Ceny na takich uczelniach s\u0105 o po\u0142ow\u0119 ni\u017csze ni\u017c w uczciwych szko\u0142ach wy\u017cszych, a poziom w zasadzie \u017caden &#8211; przekonuje prof. T\u0142oki\u0144ski.<\/p>\n<p><strong>Poza systemem<br \/><\/strong>Problem nasili\u0142 si\u0119 w ostatnich latach, gdy na uczelniach rozkwit\u0142a oferta studi\u00f3w podyplomowych. S\u0142uchacze mog\u0105 przebiera\u0107 w kierunkach: aerologia g\u00f3rnicza, zwinne metodyki zarz\u0105dzania projektami, akademia analizy transakcyjnej dla mened\u017cer\u00f3w &#8211; to niekt\u00f3re z oferowanych studi\u00f3w. Tymczasem s\u0105 one poza wszelk\u0105 kontrol\u0105 &#8211; jako\u015bci oferowanego tam kszta\u0142cenia nie ocenia Polska Komisja Akredytacyjna (PKA), tak jak jest w przypadku zwyk\u0142ych studi\u00f3w. &#8211; Rzeczywi\u015bcie nie ma narz\u0119dzi, kt\u00f3re pozwalaj\u0105 je ocenia\u0107 i sprawdza\u0107 &#8211; przyznaje prof. Marek Rocki, by\u0142y przewodnicz\u0105cy PKA. Profesor Waldemar T\u0142oki\u0144ski przypomina, \u017ce jeszcze przed kilkoma laty prawo do prowadzenia studi\u00f3w podyplomowych by\u0142o powi\u0105zane z obszarem kszta\u0142cenia, kt\u00f3rym zajmowa\u0142a si\u0119 uczelnia. Przyk\u0142adowo, je\u017celi szko\u0142a wy\u017csza mia\u0142a akredytacj\u0119 do prowadzenia studi\u00f3w pedagogicznych, to mog\u0142a w ramach tego zakresu otwiera\u0107 zbli\u017cone tematyk\u0105 kierunki studi\u00f3w podyplomowych. Teraz nie ma takiego ograniczenia w ustawie z 20 lipca 2018 r. &#8211; Prawo o szkolnictwie wy\u017cszym i nauce (t.j. Dz.U. z 2021 r. poz. 574 ze zm.), a uczelnie maj\u0105 woln\u0105 r\u0119k\u0119.<\/p>\n<p>&#8211; To, co si\u0119 dzieje, wo\u0142a o pomst\u0119 do nieba. Przecie\u017c jako\u015b\u0107 kszta\u0142cenia na studiach jest pod okiem PKA, kt\u00f3ra pilnie jej strze\u017ce. Je\u015bli szko\u0142y wy\u017csze nie spe\u0142niaj\u0105 okre\u015blonych standard\u00f3w, trac\u0105 prawo do prowadzenia studi\u00f3w. A w przypadku studi\u00f3w podyplomowych uczelnie maj\u0105 totaln\u0105 samowol\u0119. Dziwne, \u017ce dzieje si\u0119 to na oczach wszystkich &#8211; wszyscy o tym wiedz\u0105, ale przymykaj\u0105 oko &#8211; komentuje jeden z ekspert\u00f3w, kt\u00f3ry woli nie ujawnia\u0107 nazwiska. Jak dodaje, kiedy\u015b mo\u017cna by\u0142o weryfikowa\u0107 jako\u015b\u0107 tych studi\u00f3w w ramach oceny instytucjonalnej, ale tak\u0105 mo\u017cliwo\u015b\u0107 zniesiono. &#8211; Moim zdaniem za tym, \u017ce w ustawie Gowina z 2018 r. nie znalaz\u0142y si\u0119 przepisy, kt\u00f3re w jakim\u015b stopniu ogranicza\u0142yby mo\u017cliwo\u015b\u0107 prowadzenia studi\u00f3w podyplomowych, stoi lobby &#8211; grupa ludzi, kt\u00f3rzy maj\u0105 w tym interes, aby prawo tego nie regulowa\u0142o. Zarabiaj\u0105 na produkcji lewych dyplom\u00f3w niez\u0142e pieni\u0105dze. To zwyk\u0142y handel dyplomami &#8211; przekonuje nasz rozm\u00f3wca.<\/p>\n<p>Na jako\u015b\u0107 kszta\u0142cenia skar\u017c\u0105 si\u0119 tak\u017ce s\u0142uchacze studi\u00f3w podyplomowych, kt\u00f3rzy nie wiedzieli, \u017ce jedynym wymogiem pozwalaj\u0105cym na ich uko\u0144czenie b\u0119dzie zap\u0142acenie czesnego. Liczyli na to, \u017ce zwi\u0119ksz\u0105 swoje kwalifikacje, i si\u0119 zawiedli. Pisma w takich sprawach sp\u0142ywaj\u0105 do rzecznika praw studenta (RPS). &#8211; Osoby te skar\u017c\u0105 si\u0119 na brak satysfakcji z jako\u015bci studi\u00f3w podyplomowych, niezrealizowanie oferowanego programu kszta\u0142cenia, niewywi\u0105zanie si\u0119 z umowy, a tak\u017ce wprowadzanie dodatkowych op\u0142at albo kar za przerwanie i rezygnacj\u0119 ze studi\u00f3w &#8211; wylicza Mateusz Kuli\u0144ski, RPS. Wyja\u015bnia, \u017ce o ile w ustawie\u00a0 &#8211; Prawo o szkolnictwie wy\u017cszym i nauce s\u0105 uregulowania na temat zasad ponoszenia op\u0142at na studiach, o tyle nie dotycz\u0105 one studi\u00f3w podyplomowych. &#8211; Op\u0142aty te reguluje umowa zawarta z uczelni\u0105. S\u0142uchacz nie jest te\u017c beneficjentem praw i obowi\u0105zk\u00f3w studenta, bo jest jedynie uczestnikiem studi\u00f3w podyplomowych, a nie studentem. Ja jako RPS nie mam wi\u0119c podstaw prawnych do podejmowania interwencji, kieruj\u0119 zatem te osoby do rzecznika praw konsumenta &#8211; dodaje Kuli\u0144ski.<\/p>\n<p><strong>Konieczne zmiany<br \/><\/strong>Jak zaradzi\u0107 tym problemom? &#8211; Logika podpowiada\u0142aby, \u017ce trzeba wprowadzi\u0107 przepisy, kt\u00f3re obejm\u0105 ten obszar. Natomiast jestem wolnorynkowcem i uwa\u017cam, \u017ce studia podyplomowe powinien zweryfikowa\u0107 rynek. Przecie\u017c dyplom ich uko\u0144czenia nie daje tytu\u0142u zawodowego, tak jak jest w przypadku studi\u00f3w magisterskich, zatem gwarantem jako\u015bci oferowanego tam kszta\u0142cenia powinni by\u0107 klienci, kt\u00f3rzy nie b\u0119d\u0105 wybiera\u0107 studi\u00f3w podyplomowych w\u0105tpliwej jako\u015bci &#8211; twierdzi prof. Rocki. Inne zdanie ma na ten temat Mateusz Kuli\u0144ski. &#8211; Jestem zwolennikiem wprowadzenia akredytacji studi\u00f3w podyplomowych. Powinny zosta\u0107 stworzone instrumenty kontrolne, kt\u00f3re pozwol\u0105 je weryfikowa\u0107 &#8211; uwa\u017ca.<\/p>\n<p><strong>Dziennik Gazeta Prawna &#8211; Urszula Mirowska-\u0141oskot 13.10.2024<\/strong><\/p>\n<p>[\/et_pb_text][\/et_pb_column][\/et_pb_row][\/et_pb_section][et_pb_section fb_built=&#8221;1&#8243; _builder_version=&#8221;3.26.3&#8243; background_color=&#8221;#d6d6d6&#8243; custom_margin=&#8221;-4px|||||&#8221; custom_padding=&#8221;0px||114px|||&#8221;][\/et_pb_section]<\/p>\n","protected":false},"excerpt":{"rendered":"<p>[et_pb_section fb_built=&#8221;1&#8243; _builder_version=&#8221;3.26.3&#8243; background_color=&#8221;#d6d6d6&#8243; custom_margin=&#8221;-13px||-93px|||&#8221; custom_padding=&#8221;45px||78px||false|false&#8221; top_divider_color=&#8221;#DDDDDD&#8221;][et_pb_row column_structure=&#8221;1_4,3_4&#8243; custom_padding=&#8221;0px||40px|||&#8221; _builder_version=&#8221;3.26.3&#8243; min_height=&#8221;104px&#8221;][et_pb_column type=&#8221;1_4&#8243; _builder_version=&#8221;3.26.3&#8243;][\/et_pb_column][et_pb_column type=&#8221;3_4&#8243; _builder_version=&#8221;3.26.3&#8243;][et_pb_text _builder_version=&#8221;3.26.3&#8243; min_height=&#8221;16px&#8221; custom_padding=&#8221;||1px|||&#8221;] Podyplomowe bez \u017cadnej kontroli [\/et_pb_text][et_pb_text _builder_version=&#8221;3.26.3&#8243; custom_margin=&#8221;-22px|||||&#8221; custom_padding=&#8221;||22px|||&#8221;] S\u0142uchacze skar\u017c\u0105 si\u0119 na nisk\u0105 jako\u015b\u0107 nauczania. Zdaniem ekspert\u00f3w studia podyplomowe powinny by\u0107 kontrolowane. Resort nauki bada problem. [\/et_pb_text][et_pb_text _builder_version=&#8221;3.26.3&#8243; text_text_align=&#8221;left&#8221; text_font_size=&#8221;16px&#8221; text_line_height=&#8221;1.6em&#8221; header_text_align=&#8221;left&#8221; header_text_color=&#8221;#000000&#8243; min_height=&#8221;353px&#8221; custom_margin=&#8221;-30px||0px|||&#8221; custom_padding=&#8221;0px||44px|||&#8221;] Eksperci [&hellip;]<\/p>\n","protected":false},"author":2,"featured_media":0,"parent":0,"menu_order":0,"comment_status":"closed","ping_status":"closed","template":"","meta":{"_et_pb_use_builder":"on","_et_pb_old_content":"","footnotes":""},"class_list":["post-1352","page","type-page","status-publish","hentry"],"_links":{"self":[{"href":"https:\/\/dlaoswiaty.pl\/index.php\/wp-json\/wp\/v2\/pages\/1352"}],"collection":[{"href":"https:\/\/dlaoswiaty.pl\/index.php\/wp-json\/wp\/v2\/pages"}],"about":[{"href":"https:\/\/dlaoswiaty.pl\/index.php\/wp-json\/wp\/v2\/types\/page"}],"author":[{"embeddable":true,"href":"https:\/\/dlaoswiaty.pl\/index.php\/wp-json\/wp\/v2\/users\/2"}],"replies":[{"embeddable":true,"href":"https:\/\/dlaoswiaty.pl\/index.php\/wp-json\/wp\/v2\/comments?post=1352"}],"version-history":[{"count":13,"href":"https:\/\/dlaoswiaty.pl\/index.php\/wp-json\/wp\/v2\/pages\/1352\/revisions"}],"predecessor-version":[{"id":3073,"href":"https:\/\/dlaoswiaty.pl\/index.php\/wp-json\/wp\/v2\/pages\/1352\/revisions\/3073"}],"wp:attachment":[{"href":"https:\/\/dlaoswiaty.pl\/index.php\/wp-json\/wp\/v2\/media?parent=1352"}],"curies":[{"name":"wp","href":"https:\/\/api.w.org\/{rel}","templated":true}]}}