{"id":1373,"date":"2021-07-20T19:50:00","date_gmt":"2021-07-20T17:50:00","guid":{"rendered":"https:\/\/dlaoswiaty.pl\/?page_id=1373"},"modified":"2025-03-12T10:03:30","modified_gmt":"2025-03-12T09:03:30","slug":"krawiec_zdun","status":"publish","type":"page","link":"https:\/\/dlaoswiaty.pl\/index.php\/krawiec_zdun\/","title":{"rendered":"Krawiec_zdun"},"content":{"rendered":"<p>[et_pb_section fb_built=&#8221;1&#8243; _builder_version=&#8221;3.26.3&#8243; background_color=&#8221;#d6d6d6&#8243; custom_margin=&#8221;-13px||-93px|||&#8221; custom_padding=&#8221;45px||78px||false|false&#8221; top_divider_color=&#8221;#DDDDDD&#8221;][et_pb_row column_structure=&#8221;1_4,3_4&#8243; custom_padding=&#8221;0px||40px|||&#8221; _builder_version=&#8221;3.26.3&#8243; min_height=&#8221;104px&#8221;][et_pb_column type=&#8221;1_4&#8243; _builder_version=&#8221;3.26.3&#8243;][\/et_pb_column][et_pb_column type=&#8221;3_4&#8243; _builder_version=&#8221;3.26.3&#8243;][et_pb_text _builder_version=&#8221;3.26.3&#8243; min_height=&#8221;16px&#8221; custom_padding=&#8221;||1px|||&#8221;]<\/p>\n<h1>Bran\u017c\u00f3wki. Zapowied\u017a rewolucji<\/h1>\n<p>[\/et_pb_text][et_pb_text _builder_version=&#8221;3.26.3&#8243; custom_margin=&#8221;-22px|||||&#8221; custom_padding=&#8221;||22px|||&#8221;]<\/p>\n<h4>MMEiN w ramach Krajowego Planu Odbudowy chce utworzy\u0107 120 bran\u017cowych centr\u00f3w umiej\u0119tno\u015bci.<\/h4>\n<p>[\/et_pb_text][et_pb_text _builder_version=&#8221;3.26.3&#8243; text_text_align=&#8221;left&#8221; text_font_size=&#8221;16px&#8221; text_line_height=&#8221;1.6em&#8221; header_text_align=&#8221;left&#8221; header_text_color=&#8221;#000000&#8243; min_height=&#8221;360px&#8221; custom_margin=&#8221;-30px||0px|||&#8221; custom_padding=&#8221;0px||44px|||&#8221;]<\/p>\n<p>Ma to by\u0107 odpowied\u017a na bol\u0105czki szkolnictwa zawodowego. Braki kadrowe, niewielu ch\u0119tnych do podj\u0119cia nauki oraz oferty kszta\u0142cenia, kt\u00f3re mijaj\u0105 si\u0119 z potrzebami rynku &#8211; to najwi\u0119ksze bol\u0105czki sektora edukacji bran\u017cowej. Na bran\u017cowe centra umiej\u0119tno\u015bci przewidziano ok. 1,4 mld. z\u0142. Pozosta\u0142e 300 mln. z\u0142 zostanie przeznaczone na koordynacj\u0119 dzia\u0142a\u0144 w regionach na rzecz kszta\u0142cenia zawodowego, szkolnictwa wy\u017cszego oraz uczenia si\u0119 doros\u0142ych.<\/p>\n<p>Centra maj\u0105 by\u0107 zaawansowanymi technologicznie o\u015brodkami kszta\u0142cenia, szkolenia i egzaminowania w danej bran\u017cy. Do ko\u0144ca 2023 r. ma ich powsta\u0107 20, a do ko\u0144ca 2024 r. dalsze 100. Z ich oferty b\u0119d\u0105 mogli korzysta\u0107 uczniowie, studenci, nauczyciele, wyk\u0142adowcy oraz pracownicy bran\u017c. &#8211; BCU wzmocni\u0105 reform\u0119 kszta\u0142cenia zawodowego wdra\u017can\u0105 od 2019 r., w ramach kt\u00f3rej wsp\u00f3\u0142praca z pracodawcami sta\u0142a si\u0119 obowi\u0105zkiem szk\u00f3\u0142 &#8211; m\u00f3wi Adrianna Ca\u0142us-Polak. &#8211; Zadaniem BCU b\u0119dzie te\u017c wspieranie szk\u00f3\u0142 prowadz\u0105cych kszta\u0142cenie zawodowe i uczelni w nawi\u0105zywaniu wsp\u00f3\u0142pracy z pracodawcami, w tym r\u00f3wnie\u017c w zakresie pozyskiwania specjalist\u00f3w z rynku na potrzeby kszta\u0142cenia zawodowego.<\/p>\n<p>Dzia\u0142ania resortu maj\u0105 te\u017c odczarowa\u0107 niech\u0119\u0107 uczni\u00f3w do nauki w dawnych zawod\u00f3wkach. Na razie ch\u0119tnych brakuje, co potwierdzaj\u0105 samorz\u0105dy. We Wroc\u0142awiu liceum jako szko\u0142\u0119 pierwszego wyboru wybra\u0142o 6,2 tys. kandydat\u00f3w, technikum &#8211; 2,5 tys., a bran\u017c\u00f3wk\u0119 &#8211; nieco ponad 400. W Krakowie do liceum w roku szkolnym 2019\/2020 chodzi\u0142o 9246 uczni\u00f3w, do technikum 5141, a szko\u0142y bran\u017cowej I stopnia &#8211; 949. Rok p\u00f3\u017aniej by\u0142o to odpowiednio: 4236, 2559 i 480 os\u00f3b. W zako\u0144czonym roku &#8211; 4669, 2866, 532. W Sopocie 60 proc. kandydat\u00f3w sk\u0142ada papiery do lice\u00f3w, 35 proc. do technikum i tylko 5 proc. do szk\u00f3\u0142 bran\u017cowych. Taka tendencja, jak s\u0142yszymy, utrzymuje si\u0119 od lat.<\/p>\n<p>Jak wi\u0119c pomys\u0142 MEiN oceniaj\u0105 szko\u0142y? &#8211; Brzmi pi\u0119knie, ale trzeba pami\u0119ta\u0107, \u017ce problemy szkolnictwa bran\u017cowego s\u0105 pot\u0119\u017cne &#8211; m\u00f3wi Ireneusz Szepietowski, dyrektor Zespo\u0142u Szk\u00f3\u0142 Zawodowych w W\u0119gorzewie. Opisuje, \u017ce w mniejszych o\u015brodkach mniej jest tak\u017ce zak\u0142ad\u00f3w pracy, co skutkuje brakiem ch\u0119tnych do nauczania zawodu Kolejna kwestia to praktyki &#8211; Wszyscy moi uczniowie to pracownicy m\u0142odociani (niekt\u00f3rzy maj\u0105 dopiero 14 lat). Ubywa pracodawc\u00f3w, kt\u00f3rzy przyj\u0119liby ich do siebie &#8211; t\u0142umaczy. I dodaje, \u017ce niedawno firmy z bran\u017cy budowlanej pyta\u0142y go o mo\u017cliwo\u015b\u0107 otworzenia klasy murarskiej. Na pytanie, ile os\u00f3b gotowe by\u0142yby przeszkoli\u0107, a potem zatrudni\u0107 i na jakich . warunkach, nie dosta\u0142 jasnej odpowiedzi.<\/p>\n<p>Pot\u0119\u017cnym problemem s\u0105 utrudnienia w funkcjonowaniu szk\u00f3\u0142 bran\u017cowych II stopnia, czyli tych, gdzie ucze\u0144 m\u00f3g\u0142by si\u0119 specjalizowa\u0107. &#8211; Do szk\u00f3\u0142 I stopnia trafia generalnie s\u0142absza m\u0142odzie\u017c, nieliczni chc\u0105 uczy\u0107 si\u0119 dalej &#8211; m\u00f3wi\u0105 nam dyrektorzy. Wielu wystarcza tytu\u0142 robotnika wykwalifikowanego lub czeladnika. Nie ka\u017cdy chce zdobywa\u0107 uprawnienia technika, a tego by zapewne chcieli pracodawcy.<\/p>\n<p>Agnieszka \u015awierkowska, kierownik szkolenia praktycznego w ZSZ w Brzegu Dolnym, ocenia, \u017ce je\u015bli kszta\u0142cenie ma odpowiada\u0107 na potrzeby pracodawc\u00f3w, ci ostatni musz\u0105 mie\u0107 wi\u0119kszy wp\u0142yw na ten proces. &#8211; Dzi\u015b nie uwzgl\u0119dniamy specjalizacji bran\u017c. We\u017amy \u015blusarza. Program kszta\u0142cenia takiego ucznia wymaga przekazania mu wiedzy og\u00f3lnej, cz\u0119sto zb\u0119dnej. Tak\u017ce z perspektywy pracodawcy, kt\u00f3ry szuka np. kogo\u015b do produkcji kulek na tokarce, a nie do robienia z\u0142\u0105czek i wyginania pr\u0119t\u00f3w &#8211; opisuje.<\/p>\n<p>A co na to przemys\u0142? Jest za, zw\u0142aszcza teraz, gdy w firmach zaczyna brakowa\u0107 pieni\u0119dzy na inwestycje w zwi\u0105zku z rosn\u0105cymi kosztami produkcji A jak m\u00f3wi Jakub Gontarek z Zak\u0142adu Edukacji i Komunikacji Krajowego O\u015brodka Zmian Klimatu, BCU b\u0119dzie mog\u0142o by\u0107 wyposa\u017cone ze \u015brodk\u00f3w unijnych czy konkurs\u00f3w krajowych. To pozwoli odci\u0105\u017cy\u0107 bud\u017cety pracodawc\u00f3w. Podkre\u015bla, \u017ce BCU sprawdz\u0105 si\u0119, je\u015bli b\u0119d\u0105 powstawa\u0142y przy fabrykach, parkach technologicznych, strefach ekonomicznych. W\u00f3wczas bowiem jako\u015b\u0107 kszta\u0142cenia w nich b\u0119dzie odpowiada\u0142a potrzebom fina To jednak oznacza zmiany w programie kszta\u0142cenia.<\/p>\n<p>S\u0105 te\u017c inne obawy. &#8211; Podstaw\u0105 do tworzenia centr\u00f3w maj\u0105 by\u0107 zawody okre\u015blone w klasyfikacji zawod\u00f3w szkolnictwa bran\u017cowego. Nie uwzgl\u0119dnia ona jednak wielu przysz\u0142o\u015bciowych kierunk\u00f3w kszta\u0142cenia &#8211; ocenia Ma\u0142gorzata Leli\u0144ska, dyrektorka departamentu funduszy unijnych i edukacji cyfrowej Konfederacji Lewiatan. Zwraca uwag\u0119, \u017ce \u015brodki na centra maj\u0105 pochodzi\u0107 z KPO. &#8211; Program ma by\u0107 prefinansowany przez PFR.<\/p>\n<p>&nbsp;<\/p>\n<h5><strong>Dziennik Gazeta Prawna &#8211; Paulina Nowosielska, Patrycja Otto 13.09.2024<\/strong><\/h5>\n<p>[\/et_pb_text][\/et_pb_column][\/et_pb_row][\/et_pb_section][et_pb_section fb_built=&#8221;1&#8243; _builder_version=&#8221;3.26.3&#8243; background_color=&#8221;#d6d6d6&#8243; custom_margin=&#8221;-4px|||||&#8221; custom_padding=&#8221;0px||114px|||&#8221;][\/et_pb_section]<\/p>\n","protected":false},"excerpt":{"rendered":"<p>[et_pb_section fb_built=&#8221;1&#8243; _builder_version=&#8221;3.26.3&#8243; background_color=&#8221;#d6d6d6&#8243; custom_margin=&#8221;-13px||-93px|||&#8221; custom_padding=&#8221;45px||78px||false|false&#8221; top_divider_color=&#8221;#DDDDDD&#8221;][et_pb_row column_structure=&#8221;1_4,3_4&#8243; custom_padding=&#8221;0px||40px|||&#8221; _builder_version=&#8221;3.26.3&#8243; min_height=&#8221;104px&#8221;][et_pb_column type=&#8221;1_4&#8243; _builder_version=&#8221;3.26.3&#8243;][\/et_pb_column][et_pb_column type=&#8221;3_4&#8243; _builder_version=&#8221;3.26.3&#8243;][et_pb_text _builder_version=&#8221;3.26.3&#8243; min_height=&#8221;16px&#8221; custom_padding=&#8221;||1px|||&#8221;] Bran\u017c\u00f3wki. Zapowied\u017a rewolucji [\/et_pb_text][et_pb_text _builder_version=&#8221;3.26.3&#8243; custom_margin=&#8221;-22px|||||&#8221; custom_padding=&#8221;||22px|||&#8221;] MMEiN w ramach Krajowego Planu Odbudowy chce utworzy\u0107 120 bran\u017cowych centr\u00f3w umiej\u0119tno\u015bci. [\/et_pb_text][et_pb_text _builder_version=&#8221;3.26.3&#8243; text_text_align=&#8221;left&#8221; text_font_size=&#8221;16px&#8221; text_line_height=&#8221;1.6em&#8221; header_text_align=&#8221;left&#8221; header_text_color=&#8221;#000000&#8243; min_height=&#8221;360px&#8221; custom_margin=&#8221;-30px||0px|||&#8221; custom_padding=&#8221;0px||44px|||&#8221;] Ma to by\u0107 odpowied\u017a na bol\u0105czki szkolnictwa zawodowego. [&hellip;]<\/p>\n","protected":false},"author":2,"featured_media":0,"parent":0,"menu_order":0,"comment_status":"closed","ping_status":"closed","template":"","meta":{"_et_pb_use_builder":"on","_et_pb_old_content":"","footnotes":""},"class_list":["post-1373","page","type-page","status-publish","hentry"],"_links":{"self":[{"href":"https:\/\/dlaoswiaty.pl\/index.php\/wp-json\/wp\/v2\/pages\/1373"}],"collection":[{"href":"https:\/\/dlaoswiaty.pl\/index.php\/wp-json\/wp\/v2\/pages"}],"about":[{"href":"https:\/\/dlaoswiaty.pl\/index.php\/wp-json\/wp\/v2\/types\/page"}],"author":[{"embeddable":true,"href":"https:\/\/dlaoswiaty.pl\/index.php\/wp-json\/wp\/v2\/users\/2"}],"replies":[{"embeddable":true,"href":"https:\/\/dlaoswiaty.pl\/index.php\/wp-json\/wp\/v2\/comments?post=1373"}],"version-history":[{"count":12,"href":"https:\/\/dlaoswiaty.pl\/index.php\/wp-json\/wp\/v2\/pages\/1373\/revisions"}],"predecessor-version":[{"id":3070,"href":"https:\/\/dlaoswiaty.pl\/index.php\/wp-json\/wp\/v2\/pages\/1373\/revisions\/3070"}],"wp:attachment":[{"href":"https:\/\/dlaoswiaty.pl\/index.php\/wp-json\/wp\/v2\/media?parent=1373"}],"curies":[{"name":"wp","href":"https:\/\/api.w.org\/{rel}","templated":true}]}}