{"id":2015,"date":"2022-05-25T10:09:30","date_gmt":"2022-05-25T08:09:30","guid":{"rendered":"https:\/\/dlaoswiaty.pl\/?page_id=2015"},"modified":"2022-05-25T10:19:22","modified_gmt":"2022-05-25T08:19:22","slug":"teatry-lodz","status":"publish","type":"page","link":"https:\/\/dlaoswiaty.pl\/index.php\/teatry-lodz\/","title":{"rendered":"Teatry \u0141\u00f3d\u017a"},"content":{"rendered":"<p>[et_pb_section fb_built=&#8221;1&#8243; next_background_color=&#8221;#dbdbdb&#8221; _builder_version=&#8221;3.26.3&#8243; background_color=&#8221;#DDDDDD&#8221; width=&#8221;100%&#8221; min_height=&#8221;659px&#8221; custom_margin=&#8221;0px||-40px||false|false&#8221; custom_padding=&#8221;0px||0px||false|false&#8221; bottom_divider_style=&#8221;arrow2&#8243;][et_pb_row custom_padding=&#8221;0px||0px|||&#8221; custom_margin=&#8221;|auto|5px|auto||&#8221; _builder_version=&#8221;3.26.3&#8243; min_height=&#8221;30px&#8221;][et_pb_column type=&#8221;4_4&#8243; _builder_version=&#8221;3.26.3&#8243;][\/et_pb_column][\/et_pb_row][et_pb_row column_structure=&#8221;1_2,1_2&#8243; custom_padding=&#8221;0px||22px|||&#8221; custom_margin=&#8221;-2px|auto||auto||&#8221; _builder_version=&#8221;3.26.3&#8243; min_height=&#8221;36px&#8221;][et_pb_column type=&#8221;1_2&#8243; _builder_version=&#8221;3.26.3&#8243;][et_pb_text _builder_version=&#8221;3.26.3&#8243; header_text_color=&#8221;#000000&#8243; custom_margin=&#8221;-3px||-1px||false|false&#8221; custom_padding=&#8221;5px||0px||false|false&#8221;]<\/p>\n<h5 style=\"text-align: left;\"><span style=\"color: #000000;\">Teatry w \u0141odzi<\/span><\/h5>\n<p>[\/et_pb_text][et_pb_text _builder_version=&#8221;3.26.3&#8243; custom_margin=&#8221;||28px|||&#8221;]<\/p>\n<p>Teatr Wielki.<br \/>Teatr Nowy im. Kazimierza Dejmka.<br \/>Teatr Szwalnia.<br \/>Teatr im. Stefana Jaracza.<br \/>Teatr Powszechny.<br \/>Teatr Muzyczny.<br \/>Teatr Studyjny przy PWSFTviT im. L. Schillera.<br \/>Teatr Fabryczny<\/p>\n<p>[\/et_pb_text][et_pb_text _builder_version=&#8221;3.26.3&#8243; header_text_color=&#8221;#000000&#8243; custom_margin=&#8221;5px||-1px||false|false&#8221; custom_padding=&#8221;5px||0px||false|false&#8221;]<\/p>\n<h5 style=\"text-align: left;\"><span style=\"color: #000000;\">Teatry w Wroc\u0142awiu<\/span><\/h5>\n<p>[\/et_pb_text][et_pb_text _builder_version=&#8221;3.26.3&#8243; custom_margin=&#8221;||1px|||&#8221; custom_padding=&#8221;||17px|||&#8221;]<\/p>\n<p>Teatr Arka<br \/>Teatr Formy<br \/>Teatr Laboratorium<br \/>Teatr Misterium z Wroc\u0142awia<br \/>Teatr Muzyczny \u201eCapitol\u201d<br \/>Teatr Pie\u015b\u0144 Koz\u0142a<br \/>Teatr Polski we Wroc\u0142awiu<\/p>\n<p>[\/et_pb_text][et_pb_text _builder_version=&#8221;3.26.3&#8243; header_text_color=&#8221;#000000&#8243; custom_margin=&#8221;11px||-1px||false|false&#8221; custom_padding=&#8221;5px||0px||false|false&#8221;]<\/p>\n<h5 style=\"text-align: left;\"><span style=\"color: #000000;\">Teatry w Opolu<\/span><\/h5>\n<p>[\/et_pb_text][et_pb_text _builder_version=&#8221;3.26.3&#8243;]<\/p>\n<p>Teatr im. J. Kochanowskiego<br \/>Teatr Ekostudio<br \/>Opolski Teatr Lalki i Aktora<br \/>Teatr Jednego Wiersza<br \/>Opolski Teatr Ta\u0144ca<br \/>Atelier Teatr<\/p>\n<p>[\/et_pb_text][\/et_pb_column][et_pb_column type=&#8221;1_2&#8243; _builder_version=&#8221;3.26.3&#8243;][et_pb_text _builder_version=&#8221;3.26.3&#8243; header_text_color=&#8221;#000000&#8243; custom_margin=&#8221;-3px||-1px||false|false&#8221; custom_padding=&#8221;5px||0px||false|false&#8221;]<\/p>\n<h5 style=\"text-align: left;\"><span style=\"color: #000000;\">Teatry w Poznaniu<\/span><\/h5>\n<p>[\/et_pb_text][et_pb_text _builder_version=&#8221;3.26.3&#8243; custom_margin=&#8221;||28px|||&#8221;]<\/p>\n<p>Teatr Polski w Poznaniu 1875<br \/>Teatr Wielki im. Stanis\u0142awa Moniuszki<br \/>Teatr Muzyczny<br \/>Teatr Nowy im. T. \u0141omnickiego<br \/>M\u00f3j Teatr<br \/>Teatr Animacji<br \/>Atofri<br \/>Teatr asz.teatr<br \/>Teatr Cortiqu\u00e9 Anny Nied\u017awied\u017a<br \/>Polski Teatr Ta\u0144ca<br \/>Teatr WojArt<br \/>Teatr \u00d3smego Dnia<br \/>Studio Teatralne Pr\u00f3by<br \/>Teatr Fuzja<br \/>Blum. Studio Teatralne<br \/>Teatr Wierzbak Plus<br \/>Scena Muzyczna Teatr Puls<br \/>Latarenka. Teatr<\/p>\n<p>[\/et_pb_text][\/et_pb_column][\/et_pb_row][\/et_pb_section][et_pb_section fb_built=&#8221;1&#8243; _builder_version=&#8221;3.26.3&#8243; background_color=&#8221;#dbdbdb&#8221; min_height=&#8221;24px&#8221; custom_margin=&#8221;3px|||||&#8221; custom_padding=&#8221;1px||36px||false|false&#8221; top_divider_color=&#8221;#DDDDDD&#8221;][\/et_pb_section]<\/p>\n","protected":false},"excerpt":{"rendered":"<p>[et_pb_section fb_built=&#8221;1&#8243; next_background_color=&#8221;#dbdbdb&#8221; _builder_version=&#8221;3.26.3&#8243; background_color=&#8221;#DDDDDD&#8221; width=&#8221;100%&#8221; min_height=&#8221;659px&#8221; custom_margin=&#8221;0px||-40px||false|false&#8221; custom_padding=&#8221;0px||0px||false|false&#8221; bottom_divider_style=&#8221;arrow2&#8243;][et_pb_row custom_padding=&#8221;0px||0px|||&#8221; custom_margin=&#8221;|auto|5px|auto||&#8221; _builder_version=&#8221;3.26.3&#8243; min_height=&#8221;30px&#8221;][et_pb_column type=&#8221;4_4&#8243; _builder_version=&#8221;3.26.3&#8243;][\/et_pb_column][\/et_pb_row][et_pb_row column_structure=&#8221;1_2,1_2&#8243; custom_padding=&#8221;0px||22px|||&#8221; custom_margin=&#8221;-2px|auto||auto||&#8221; _builder_version=&#8221;3.26.3&#8243; min_height=&#8221;36px&#8221;][et_pb_column type=&#8221;1_2&#8243; _builder_version=&#8221;3.26.3&#8243;][et_pb_text _builder_version=&#8221;3.26.3&#8243; header_text_color=&#8221;#000000&#8243; custom_margin=&#8221;-3px||-1px||false|false&#8221; custom_padding=&#8221;5px||0px||false|false&#8221;] Teatry w \u0141odzi [\/et_pb_text][et_pb_text _builder_version=&#8221;3.26.3&#8243; custom_margin=&#8221;||28px|||&#8221;] Teatr Wielki.Teatr Nowy im. Kazimierza Dejmka.Teatr Szwalnia.Teatr im. Stefana Jaracza.Teatr Powszechny.Teatr Muzyczny.Teatr Studyjny przy PWSFTviT im. L. Schillera.Teatr Fabryczny [\/et_pb_text][et_pb_text _builder_version=&#8221;3.26.3&#8243; header_text_color=&#8221;#000000&#8243; [&hellip;]<\/p>\n","protected":false},"author":2,"featured_media":0,"parent":0,"menu_order":0,"comment_status":"closed","ping_status":"closed","template":"","meta":{"_et_pb_use_builder":"on","_et_pb_old_content":"","footnotes":""},"class_list":["post-2015","page","type-page","status-publish","hentry"],"_links":{"self":[{"href":"https:\/\/dlaoswiaty.pl\/index.php\/wp-json\/wp\/v2\/pages\/2015"}],"collection":[{"href":"https:\/\/dlaoswiaty.pl\/index.php\/wp-json\/wp\/v2\/pages"}],"about":[{"href":"https:\/\/dlaoswiaty.pl\/index.php\/wp-json\/wp\/v2\/types\/page"}],"author":[{"embeddable":true,"href":"https:\/\/dlaoswiaty.pl\/index.php\/wp-json\/wp\/v2\/users\/2"}],"replies":[{"embeddable":true,"href":"https:\/\/dlaoswiaty.pl\/index.php\/wp-json\/wp\/v2\/comments?post=2015"}],"version-history":[{"count":4,"href":"https:\/\/dlaoswiaty.pl\/index.php\/wp-json\/wp\/v2\/pages\/2015\/revisions"}],"predecessor-version":[{"id":2022,"href":"https:\/\/dlaoswiaty.pl\/index.php\/wp-json\/wp\/v2\/pages\/2015\/revisions\/2022"}],"wp:attachment":[{"href":"https:\/\/dlaoswiaty.pl\/index.php\/wp-json\/wp\/v2\/media?parent=2015"}],"curies":[{"name":"wp","href":"https:\/\/api.w.org\/{rel}","templated":true}]}}