{"id":2023,"date":"2022-05-25T10:20:41","date_gmt":"2022-05-25T08:20:41","guid":{"rendered":"https:\/\/dlaoswiaty.pl\/?page_id=2023"},"modified":"2022-05-25T10:38:02","modified_gmt":"2022-05-25T08:38:02","slug":"teatry-w-krakowie","status":"publish","type":"page","link":"https:\/\/dlaoswiaty.pl\/index.php\/teatry-w-krakowie\/","title":{"rendered":"Teatry w Krakowie"},"content":{"rendered":"<p>[et_pb_section fb_built=&#8221;1&#8243; next_background_color=&#8221;#dbdbdb&#8221; _builder_version=&#8221;3.26.3&#8243; background_color=&#8221;#DDDDDD&#8221; width=&#8221;100%&#8221; min_height=&#8221;659px&#8221; custom_margin=&#8221;0px||-40px||false|false&#8221; custom_padding=&#8221;0px||0px||false|false&#8221; bottom_divider_style=&#8221;arrow2&#8243;][et_pb_row custom_padding=&#8221;0px||0px|||&#8221; custom_margin=&#8221;|auto|5px|auto||&#8221; _builder_version=&#8221;3.26.3&#8243; min_height=&#8221;30px&#8221;][et_pb_column type=&#8221;4_4&#8243; _builder_version=&#8221;3.26.3&#8243;][\/et_pb_column][\/et_pb_row][et_pb_row column_structure=&#8221;1_2,1_2&#8243; custom_padding=&#8221;0px||22px|||&#8221; custom_margin=&#8221;-2px|auto||auto||&#8221; _builder_version=&#8221;3.26.3&#8243; min_height=&#8221;36px&#8221;][et_pb_column type=&#8221;1_2&#8243; _builder_version=&#8221;3.26.3&#8243;][et_pb_text _builder_version=&#8221;3.26.3&#8243; header_text_color=&#8221;#000000&#8243; custom_margin=&#8221;-3px||-1px||false|false&#8221; custom_padding=&#8221;5px||0px||false|false&#8221;]<\/p>\n<h5 style=\"text-align: left;\"><span style=\"color: #000000;\">Teatry w Krakowie<\/span><\/h5>\n<p>[\/et_pb_text][et_pb_text _builder_version=&#8221;3.26.3&#8243; custom_margin=&#8221;||28px|||&#8221;]<\/p>\n<p>Teatr im. Juliusza S\u0142owackiego<br \/>Teatr Wsp\u00f3\u0142czesny<br \/>Narodowy Stary Teatr im. H. Modrzejewskiej<br \/>Teatr STU<br \/>Teatr KTO<br \/>Teatr Ludowy<br \/>Teatr \u201eBagatela\u201d im. Tadeusza Boya-\u017bele\u0144skiego<br \/>Teatr Nowy<br \/>Teatr 38<br \/>Teatr Ludowy &#8211; Scena pod Ratuszem<br \/>Krakowski Teatr Vari\u00e9t\u00e9<br \/>Teatr Groteska<br \/>Teatr BARAKAH<br \/>Teatr Praska 52<br \/>Teatr Bez Rz\u0119d\u00f3w<br \/>Mumerus. Teatr<br \/>Narodowy Stary Teatr im. Heleny Modrzejewskiej &#8211; Scena Kameralna<br \/>Teatr Zale\u017cny<br \/>Krakowski Teatr Komedia<\/p>\n<p>[\/et_pb_text][et_pb_text _builder_version=&#8221;3.26.3&#8243; header_text_color=&#8221;#000000&#8243; custom_margin=&#8221;-3px||-1px||false|false&#8221; custom_padding=&#8221;5px||0px||false|false&#8221;]<\/p>\n<h5 style=\"text-align: left;\"><span style=\"color: #000000;\">Teatry w Zielonej G\u00f3rze<\/span><\/h5>\n<p>[\/et_pb_text][et_pb_text _builder_version=&#8221;3.26.3&#8243; custom_margin=&#8221;||28px|||&#8221;]<\/p>\n<p>Lubuski Teatr<br \/>Tr\u00f3jk\u0105t. Teatr Rozrywki. Beling B.<br \/>Teatr Idy Ochockiej<br \/>The Droshkoov Theatre<\/p>\n<p>[\/et_pb_text][\/et_pb_column][et_pb_column type=&#8221;1_2&#8243; _builder_version=&#8221;3.26.3&#8243;][et_pb_text _builder_version=&#8221;3.26.3&#8243; header_text_color=&#8221;#000000&#8243; custom_margin=&#8221;-3px||-1px||false|false&#8221; custom_padding=&#8221;5px||0px||false|false&#8221;]<\/p>\n<h5 style=\"text-align: left;\"><span style=\"color: #000000;\">Teatry w Kielcach<\/span><\/h5>\n<p>[\/et_pb_text][et_pb_text _builder_version=&#8221;3.26.3&#8243; custom_margin=&#8221;||28px|||&#8221;]<\/p>\n<p>Teatr im. Stefana \u017beromskiego<br \/>Teatr TeTaTeT<br \/>Teatr Lalki i Aktora &#8220;Kubu\u015b&#8221; im. Stefana Karskiego<br \/>Teatr im. Stefana \u017beromskiego<br \/>Teatr Zbo\u017cowy Fundacji Studio TM<\/p>\n<p>[\/et_pb_text][et_pb_text _builder_version=&#8221;3.26.3&#8243; header_text_color=&#8221;#000000&#8243; custom_margin=&#8221;5px||-1px||false|false&#8221; custom_padding=&#8221;5px||0px||false|false&#8221;]<\/p>\n<h5 style=\"text-align: left;\"><span style=\"color: #000000;\">Teatry w Katowicach<\/span><\/h5>\n<p>[\/et_pb_text][et_pb_text _builder_version=&#8221;3.26.3&#8243; custom_margin=&#8221;||1px|||&#8221; custom_padding=&#8221;||17px|||&#8221;]<\/p>\n<p>Teatr \u015al\u0105ski im. Stanis\u0142awa Wyspia\u0144skiego<br \/>Teatr \u017belazny<br \/>Teatr Korez<br \/>Teatr Bez Sceny<br \/>Ateneum<br \/>Teatr Gry i Ludzie<br \/>Teatr \u015bl\u0105ski<br \/>Teatr A Part<br \/>Teatr Rawa<br \/>Teatr \u015al\u0105ski &#8211; Scena w Malarni<\/p>\n<p>[\/et_pb_text][\/et_pb_column][\/et_pb_row][\/et_pb_section][et_pb_section fb_built=&#8221;1&#8243; _builder_version=&#8221;3.26.3&#8243; background_color=&#8221;#dbdbdb&#8221; min_height=&#8221;24px&#8221; custom_margin=&#8221;3px|||||&#8221; custom_padding=&#8221;1px||36px||false|false&#8221; top_divider_color=&#8221;#DDDDDD&#8221;][\/et_pb_section]<\/p>\n","protected":false},"excerpt":{"rendered":"<p>[et_pb_section fb_built=&#8221;1&#8243; next_background_color=&#8221;#dbdbdb&#8221; _builder_version=&#8221;3.26.3&#8243; background_color=&#8221;#DDDDDD&#8221; width=&#8221;100%&#8221; min_height=&#8221;659px&#8221; custom_margin=&#8221;0px||-40px||false|false&#8221; custom_padding=&#8221;0px||0px||false|false&#8221; bottom_divider_style=&#8221;arrow2&#8243;][et_pb_row custom_padding=&#8221;0px||0px|||&#8221; custom_margin=&#8221;|auto|5px|auto||&#8221; _builder_version=&#8221;3.26.3&#8243; min_height=&#8221;30px&#8221;][et_pb_column type=&#8221;4_4&#8243; _builder_version=&#8221;3.26.3&#8243;][\/et_pb_column][\/et_pb_row][et_pb_row column_structure=&#8221;1_2,1_2&#8243; custom_padding=&#8221;0px||22px|||&#8221; custom_margin=&#8221;-2px|auto||auto||&#8221; _builder_version=&#8221;3.26.3&#8243; min_height=&#8221;36px&#8221;][et_pb_column type=&#8221;1_2&#8243; _builder_version=&#8221;3.26.3&#8243;][et_pb_text _builder_version=&#8221;3.26.3&#8243; header_text_color=&#8221;#000000&#8243; custom_margin=&#8221;-3px||-1px||false|false&#8221; custom_padding=&#8221;5px||0px||false|false&#8221;] Teatry w Krakowie [\/et_pb_text][et_pb_text _builder_version=&#8221;3.26.3&#8243; custom_margin=&#8221;||28px|||&#8221;] Teatr im. Juliusza S\u0142owackiegoTeatr Wsp\u00f3\u0142czesnyNarodowy Stary Teatr im. H. ModrzejewskiejTeatr STUTeatr KTOTeatr LudowyTeatr \u201eBagatela\u201d im. Tadeusza Boya-\u017bele\u0144skiegoTeatr NowyTeatr 38Teatr Ludowy &#8211; Scena [&hellip;]<\/p>\n","protected":false},"author":2,"featured_media":0,"parent":0,"menu_order":0,"comment_status":"closed","ping_status":"closed","template":"","meta":{"_et_pb_use_builder":"on","_et_pb_old_content":"","footnotes":""},"class_list":["post-2023","page","type-page","status-publish","hentry"],"_links":{"self":[{"href":"https:\/\/dlaoswiaty.pl\/index.php\/wp-json\/wp\/v2\/pages\/2023"}],"collection":[{"href":"https:\/\/dlaoswiaty.pl\/index.php\/wp-json\/wp\/v2\/pages"}],"about":[{"href":"https:\/\/dlaoswiaty.pl\/index.php\/wp-json\/wp\/v2\/types\/page"}],"author":[{"embeddable":true,"href":"https:\/\/dlaoswiaty.pl\/index.php\/wp-json\/wp\/v2\/users\/2"}],"replies":[{"embeddable":true,"href":"https:\/\/dlaoswiaty.pl\/index.php\/wp-json\/wp\/v2\/comments?post=2023"}],"version-history":[{"count":4,"href":"https:\/\/dlaoswiaty.pl\/index.php\/wp-json\/wp\/v2\/pages\/2023\/revisions"}],"predecessor-version":[{"id":2030,"href":"https:\/\/dlaoswiaty.pl\/index.php\/wp-json\/wp\/v2\/pages\/2023\/revisions\/2030"}],"wp:attachment":[{"href":"https:\/\/dlaoswiaty.pl\/index.php\/wp-json\/wp\/v2\/media?parent=2023"}],"curies":[{"name":"wp","href":"https:\/\/api.w.org\/{rel}","templated":true}]}}