{"id":2040,"date":"2022-06-14T17:34:02","date_gmt":"2022-06-14T15:34:02","guid":{"rendered":"https:\/\/dlaoswiaty.pl\/?page_id=2040"},"modified":"2022-06-14T17:34:02","modified_gmt":"2022-06-14T15:34:02","slug":"muzea-warszawa","status":"publish","type":"page","link":"https:\/\/dlaoswiaty.pl\/index.php\/muzea-warszawa\/","title":{"rendered":"Muzea Warszawa"},"content":{"rendered":"<p>[et_pb_section fb_built=&#8221;1&#8243; next_background_color=&#8221;#dbdbdb&#8221; _builder_version=&#8221;3.26.3&#8243; background_color=&#8221;#DDDDDD&#8221; width=&#8221;100%&#8221; min_height=&#8221;659px&#8221; custom_margin=&#8221;0px||-40px||false|false&#8221; custom_padding=&#8221;0px||0px||false|false&#8221; bottom_divider_style=&#8221;arrow2&#8243;][et_pb_row custom_padding=&#8221;0px||0px|||&#8221; custom_margin=&#8221;|auto|5px|auto||&#8221; _builder_version=&#8221;3.26.3&#8243; min_height=&#8221;30px&#8221;][et_pb_column type=&#8221;4_4&#8243; _builder_version=&#8221;3.26.3&#8243;][\/et_pb_column][\/et_pb_row][et_pb_row custom_padding=&#8221;0px||8px|||&#8221; custom_margin=&#8221;-2px|auto||auto||&#8221; _builder_version=&#8221;3.26.3&#8243; min_height=&#8221;36px&#8221;][et_pb_column type=&#8221;4_4&#8243; _builder_version=&#8221;3.26.3&#8243;][et_pb_text _builder_version=&#8221;3.26.3&#8243; header_text_color=&#8221;#000000&#8243; custom_margin=&#8221;-3px||-1px||false|false&#8221; custom_padding=&#8221;5px||0px||false|false&#8221;]<\/p>\n<h5 style=\"text-align: center;\"><span style=\"color: #000000;\">\u25ca\u00a0 \u00a0 \u00a0 \u00a0 Muzea w Warszawie\u00a0 \u00a0 \u00a0 \u00a0\u00a0<\/span><span>\u25ca <\/span><\/h5>\n<p>[\/et_pb_text][\/et_pb_column][\/et_pb_row][et_pb_row column_structure=&#8221;1_2,1_2&#8243; _builder_version=&#8221;3.26.3&#8243;][et_pb_column type=&#8221;1_2&#8243; _builder_version=&#8221;3.26.3&#8243;][et_pb_text _builder_version=&#8221;3.26.3&#8243; custom_padding=&#8221;||44px|||&#8221;]<\/p>\n<p>Zamek Kr\u00f3lewski<\/p>\n<p>Muzeum \u0141azienki Kr\u00f3lewskie<\/p>\n<p>Muzeum Pa\u0142acu Jana III w Wilanowie<\/p>\n<p>Muzeum Narodowe<\/p>\n<p>Muzeum Warszawy<\/p>\n<p>Centrum Interpretacji Zabytku<\/p>\n<p>Muzeum Warszawskiej Pragi<\/p>\n<p>Muzeum Powstania Warszawskiego<\/p>\n<p>Muzeum Wi\u0119zienia Pawiak<\/p>\n<p>Cytadela Warszawska<\/p>\n<p>Muzeum Wojska Polskiego<\/p>\n<p>Muzeum Historii \u017byd\u00f3w Polskich POLIN<\/p>\n<p>Muzeum Fryderyka Chopina<\/p>\n<p>[\/et_pb_text][\/et_pb_column][et_pb_column type=&#8221;1_2&#8243; _builder_version=&#8221;3.26.3&#8243;][et_pb_text _builder_version=&#8221;3.26.3&#8243;]<\/p>\n<p>Muzeum Marii Sk\u0142odowskiej-Curie<\/p>\n<p>Muzeum \u017bycia w PRL<\/p>\n<p>Zamek Ujazdowski<\/p>\n<p>Muzeum nad Wis\u0142\u0105<\/p>\n<p>Pa\u0144stwowe Muzeum Etnograficzne<\/p>\n<p>Muzeum Ewolucji<\/p>\n<p>Muzeum \u017bo\u0142nierzy Wykl\u0119tych<\/p>\n<p>Stacja Muzeum<\/p>\n<p>Muzeum Neon\u00f3w<\/p>\n<p>Muzeum Karykatury<\/p>\n<p>Muzeum Plakatu<\/p>\n<p>Muzeum Sportu i Turystyki<\/p>\n<p>Muzeum Domk\u00f3w lalek, Gier i Zabawek<\/p>\n<p>[\/et_pb_text][\/et_pb_column][\/et_pb_row][\/et_pb_section][et_pb_section fb_built=&#8221;1&#8243; _builder_version=&#8221;3.26.3&#8243; background_color=&#8221;#dbdbdb&#8221; min_height=&#8221;24px&#8221; custom_margin=&#8221;3px|||||&#8221; custom_padding=&#8221;1px||36px||false|false&#8221; top_divider_color=&#8221;#DDDDDD&#8221;][\/et_pb_section]<\/p>\n","protected":false},"excerpt":{"rendered":"<p>[et_pb_section fb_built=&#8221;1&#8243; next_background_color=&#8221;#dbdbdb&#8221; _builder_version=&#8221;3.26.3&#8243; background_color=&#8221;#DDDDDD&#8221; width=&#8221;100%&#8221; min_height=&#8221;659px&#8221; custom_margin=&#8221;0px||-40px||false|false&#8221; custom_padding=&#8221;0px||0px||false|false&#8221; bottom_divider_style=&#8221;arrow2&#8243;][et_pb_row custom_padding=&#8221;0px||0px|||&#8221; custom_margin=&#8221;|auto|5px|auto||&#8221; _builder_version=&#8221;3.26.3&#8243; min_height=&#8221;30px&#8221;][et_pb_column type=&#8221;4_4&#8243; _builder_version=&#8221;3.26.3&#8243;][\/et_pb_column][\/et_pb_row][et_pb_row custom_padding=&#8221;0px||8px|||&#8221; custom_margin=&#8221;-2px|auto||auto||&#8221; _builder_version=&#8221;3.26.3&#8243; min_height=&#8221;36px&#8221;][et_pb_column type=&#8221;4_4&#8243; _builder_version=&#8221;3.26.3&#8243;][et_pb_text _builder_version=&#8221;3.26.3&#8243; header_text_color=&#8221;#000000&#8243; custom_margin=&#8221;-3px||-1px||false|false&#8221; custom_padding=&#8221;5px||0px||false|false&#8221;] \u25ca\u00a0 \u00a0 \u00a0 \u00a0 Muzea w Warszawie\u00a0 \u00a0 \u00a0 \u00a0\u00a0\u25ca [\/et_pb_text][\/et_pb_column][\/et_pb_row][et_pb_row column_structure=&#8221;1_2,1_2&#8243; _builder_version=&#8221;3.26.3&#8243;][et_pb_column type=&#8221;1_2&#8243; _builder_version=&#8221;3.26.3&#8243;][et_pb_text _builder_version=&#8221;3.26.3&#8243; custom_padding=&#8221;||44px|||&#8221;] Zamek Kr\u00f3lewski Muzeum \u0141azienki Kr\u00f3lewskie Muzeum Pa\u0142acu Jana III w Wilanowie Muzeum [&hellip;]<\/p>\n","protected":false},"author":2,"featured_media":0,"parent":0,"menu_order":0,"comment_status":"closed","ping_status":"closed","template":"","meta":{"_et_pb_use_builder":"on","_et_pb_old_content":"","footnotes":""},"class_list":["post-2040","page","type-page","status-publish","hentry"],"_links":{"self":[{"href":"https:\/\/dlaoswiaty.pl\/index.php\/wp-json\/wp\/v2\/pages\/2040"}],"collection":[{"href":"https:\/\/dlaoswiaty.pl\/index.php\/wp-json\/wp\/v2\/pages"}],"about":[{"href":"https:\/\/dlaoswiaty.pl\/index.php\/wp-json\/wp\/v2\/types\/page"}],"author":[{"embeddable":true,"href":"https:\/\/dlaoswiaty.pl\/index.php\/wp-json\/wp\/v2\/users\/2"}],"replies":[{"embeddable":true,"href":"https:\/\/dlaoswiaty.pl\/index.php\/wp-json\/wp\/v2\/comments?post=2040"}],"version-history":[{"count":3,"href":"https:\/\/dlaoswiaty.pl\/index.php\/wp-json\/wp\/v2\/pages\/2040\/revisions"}],"predecessor-version":[{"id":2044,"href":"https:\/\/dlaoswiaty.pl\/index.php\/wp-json\/wp\/v2\/pages\/2040\/revisions\/2044"}],"wp:attachment":[{"href":"https:\/\/dlaoswiaty.pl\/index.php\/wp-json\/wp\/v2\/media?parent=2040"}],"curies":[{"name":"wp","href":"https:\/\/api.w.org\/{rel}","templated":true}]}}