{"id":2064,"date":"2022-07-20T13:39:02","date_gmt":"2022-07-20T11:39:02","guid":{"rendered":"https:\/\/dlaoswiaty.pl\/?page_id=2064"},"modified":"2022-07-20T13:50:14","modified_gmt":"2022-07-20T11:50:14","slug":"muzea-lublin","status":"publish","type":"page","link":"https:\/\/dlaoswiaty.pl\/index.php\/muzea-lublin\/","title":{"rendered":"Muzea &#8211; Lublin"},"content":{"rendered":"<p>[et_pb_section fb_built=&#8221;1&#8243; next_background_color=&#8221;#dbdbdb&#8221; _builder_version=&#8221;3.26.3&#8243; background_color=&#8221;#DDDDDD&#8221; width=&#8221;100%&#8221; min_height=&#8221;659px&#8221; custom_margin=&#8221;0px||-40px||false|false&#8221; custom_padding=&#8221;0px||0px||false|false&#8221; bottom_divider_style=&#8221;arrow2&#8243;][et_pb_row custom_padding=&#8221;0px||0px|||&#8221; custom_margin=&#8221;|auto|5px|auto||&#8221; _builder_version=&#8221;3.26.3&#8243; min_height=&#8221;30px&#8221;][et_pb_column type=&#8221;4_4&#8243; _builder_version=&#8221;3.26.3&#8243;][\/et_pb_column][\/et_pb_row][et_pb_row column_structure=&#8221;1_2,1_2&#8243; custom_padding=&#8221;0px||22px|||&#8221; custom_margin=&#8221;-2px|auto||auto||&#8221; _builder_version=&#8221;3.26.3&#8243; min_height=&#8221;36px&#8221;][et_pb_column type=&#8221;1_2&#8243; _builder_version=&#8221;3.26.3&#8243;][et_pb_text _builder_version=&#8221;3.26.3&#8243; header_text_color=&#8221;#000000&#8243; custom_margin=&#8221;-3px||-1px||false|false&#8221; custom_padding=&#8221;5px||0px||false|false&#8221;]<\/p>\n<h5 style=\"text-align: left;\"><span style=\"color: #000000;\">Muzea w Lublinie<\/span><\/h5>\n<p>[\/et_pb_text][et_pb_text _builder_version=&#8221;3.26.3&#8243; custom_margin=&#8221;||28px|||&#8221;]<\/p>\n<p>Muzeum Narodowe w Lublinie<br \/>Lubelska Trasa Podziemna<br \/>Muzeum Historii Jesziwy M\u0119drc\u00f3w Lublina<br \/>Muzeum Archidiecezjalne Sztuki Religijnej \u2013 Wie\u017ca Trynitarska<br \/>Muzeum Historii Miasta Lublina w Bramie Krakowskiej<br \/>Muzeum Literackie im. J\u00f3zefa Czechowicza<br \/>Muzeum UMCS<br \/>Muzeum Martyrologii &#8220;Pod Zegarem&#8221;<br \/>Muzeum Wsi Lubelskiej<br \/>Muzeum Katolickiego Uniwersytetu Lubelskiego Jana Paw\u0142a II<br \/>Pa\u0144stwowe Muzeum na Majdanku<br \/>Muzeum Starodruk\u00f3w i Sztuki Sakralnej<br \/>Muzeum Sejmu Unii Lubelskiej<br \/>Regionalne Muzeum Cebularza<\/p>\n<p>[\/et_pb_text][et_pb_text _builder_version=&#8221;3.26.3&#8243; header_text_color=&#8221;#000000&#8243; custom_margin=&#8221;5px||-1px||false|false&#8221; custom_padding=&#8221;5px||0px||false|false&#8221;]<\/p>\n<h5 style=\"text-align: left;\"><span style=\"color: #000000;\">Muzea w Toruniu<\/span><\/h5>\n<p>[\/et_pb_text][et_pb_text _builder_version=&#8221;3.26.3&#8243; custom_margin=&#8221;||1px|||&#8221; custom_padding=&#8221;||17px|||&#8221;]<\/p>\n<p>Muzeum Okr\u0119gowe<br \/>Ratusz Staromiejski z Wie\u017c\u0105 Ratuszow\u0105<br \/>Dom Miko\u0142aja Kopernika<br \/>Muzeum Sztuki Dalekiego Wschodu w Kamienicy pod Gwiazd\u0105<br \/>Muzeum Historii Torunia w Domu Esken\u00f3w<br \/>Muzeum Podr\u00f3\u017cnik\u00f3w im. Tony&#8217; ego Halika<br \/>Muzeum Toru\u0144skiego Piernika<br \/>Muzeum Etnograficzne<br \/>Muzeum Uniwersyteckie<br \/>\u017bywe Muzeum Piernika<br \/>Muzeum Diecezjalne w Toruniu<br \/>Muzeum Pi\u015bmiennictwa i Drukarstwa<\/p>\n<p>[\/et_pb_text][\/et_pb_column][et_pb_column type=&#8221;1_2&#8243; _builder_version=&#8221;3.26.3&#8243;][et_pb_text _builder_version=&#8221;3.26.3&#8243; header_text_color=&#8221;#000000&#8243; custom_margin=&#8221;-3px||-1px||false|false&#8221; custom_padding=&#8221;5px||0px||false|false&#8221;]<\/p>\n<h5 style=\"text-align: left;\"><span style=\"color: #000000;\">Muzea w\u00a0<\/span><span>Bydgoszczy<\/span><\/h5>\n<p>[\/et_pb_text][et_pb_text _builder_version=&#8221;3.26.3&#8243;]<\/p>\n<p>Muzeum Okr\u0119gowe<br \/>Wie\u017ca Ci\u015bnie\u0144 &#8211; Muzeum Wodoci\u0105g\u00f3w<br \/>Muzeum Fotografii<br \/>Muzeum Wojsk L\u0105dowych<br \/>Dom Leona Wycz\u00f3\u0142kowskiego<br \/>Muzeum Kana\u0142u Bydgoskiego<br \/>Muzeum Dyplomacji i Uchod\u017astwa Polskiego<br \/>Muzeum O\u015bwiaty<br \/>Spichrze nad Brd\u0105<br \/>Muzeum Myd\u0142a i Historii Brudu<br \/>Barka &#8220;Lemara&#8221;<br \/>Muzeum Telefon\u00f3w Kom\u00f3rkowych<br \/>Muzeum Konsol i Gier Wideo PreHistoria.pl<\/p>\n<p>[\/et_pb_text][et_pb_text _builder_version=&#8221;3.26.3&#8243; header_text_color=&#8221;#000000&#8243; custom_margin=&#8221;11px||-1px||false|false&#8221; custom_padding=&#8221;5px||0px||false|false&#8221;]<\/p>\n<h5 style=\"text-align: left;\"><span style=\"color: #000000;\">Muzea w Gda\u0144sku<\/span><\/h5>\n<p>[\/et_pb_text][et_pb_text _builder_version=&#8221;3.26.3&#8243; custom_margin=&#8221;||28px|||&#8221;]<\/p>\n<p>Muzeum Narodowe w Gda\u0144sku<br \/>Muzeum Gda\u0144ska<br \/>Muzeum II Wojny \u015awiatowej<br \/>Muzeum Archeologiczne<br \/>Narodowe Muzeum Morskie<br \/>Muzeum Sopotu<br \/>Nowe Muzeum Sztuki NOMUS<\/p>\n<p>[\/et_pb_text][\/et_pb_column][\/et_pb_row][\/et_pb_section][et_pb_section fb_built=&#8221;1&#8243; _builder_version=&#8221;3.26.3&#8243; background_color=&#8221;#dbdbdb&#8221; min_height=&#8221;24px&#8221; custom_margin=&#8221;3px|||||&#8221; custom_padding=&#8221;1px||36px||false|false&#8221; top_divider_color=&#8221;#DDDDDD&#8221;][\/et_pb_section]<\/p>\n","protected":false},"excerpt":{"rendered":"<p>[et_pb_section fb_built=&#8221;1&#8243; next_background_color=&#8221;#dbdbdb&#8221; _builder_version=&#8221;3.26.3&#8243; background_color=&#8221;#DDDDDD&#8221; width=&#8221;100%&#8221; min_height=&#8221;659px&#8221; custom_margin=&#8221;0px||-40px||false|false&#8221; custom_padding=&#8221;0px||0px||false|false&#8221; bottom_divider_style=&#8221;arrow2&#8243;][et_pb_row custom_padding=&#8221;0px||0px|||&#8221; custom_margin=&#8221;|auto|5px|auto||&#8221; _builder_version=&#8221;3.26.3&#8243; min_height=&#8221;30px&#8221;][et_pb_column type=&#8221;4_4&#8243; _builder_version=&#8221;3.26.3&#8243;][\/et_pb_column][\/et_pb_row][et_pb_row column_structure=&#8221;1_2,1_2&#8243; custom_padding=&#8221;0px||22px|||&#8221; custom_margin=&#8221;-2px|auto||auto||&#8221; _builder_version=&#8221;3.26.3&#8243; min_height=&#8221;36px&#8221;][et_pb_column type=&#8221;1_2&#8243; _builder_version=&#8221;3.26.3&#8243;][et_pb_text _builder_version=&#8221;3.26.3&#8243; header_text_color=&#8221;#000000&#8243; custom_margin=&#8221;-3px||-1px||false|false&#8221; custom_padding=&#8221;5px||0px||false|false&#8221;] Muzea w Lublinie [\/et_pb_text][et_pb_text _builder_version=&#8221;3.26.3&#8243; custom_margin=&#8221;||28px|||&#8221;] Muzeum Narodowe w LublinieLubelska Trasa PodziemnaMuzeum Historii Jesziwy M\u0119drc\u00f3w LublinaMuzeum Archidiecezjalne Sztuki Religijnej \u2013 Wie\u017ca TrynitarskaMuzeum Historii Miasta Lublina w Bramie KrakowskiejMuzeum [&hellip;]<\/p>\n","protected":false},"author":2,"featured_media":0,"parent":0,"menu_order":0,"comment_status":"closed","ping_status":"closed","template":"","meta":{"_et_pb_use_builder":"on","_et_pb_old_content":"","footnotes":""},"class_list":["post-2064","page","type-page","status-publish","hentry"],"_links":{"self":[{"href":"https:\/\/dlaoswiaty.pl\/index.php\/wp-json\/wp\/v2\/pages\/2064"}],"collection":[{"href":"https:\/\/dlaoswiaty.pl\/index.php\/wp-json\/wp\/v2\/pages"}],"about":[{"href":"https:\/\/dlaoswiaty.pl\/index.php\/wp-json\/wp\/v2\/types\/page"}],"author":[{"embeddable":true,"href":"https:\/\/dlaoswiaty.pl\/index.php\/wp-json\/wp\/v2\/users\/2"}],"replies":[{"embeddable":true,"href":"https:\/\/dlaoswiaty.pl\/index.php\/wp-json\/wp\/v2\/comments?post=2064"}],"version-history":[{"count":3,"href":"https:\/\/dlaoswiaty.pl\/index.php\/wp-json\/wp\/v2\/pages\/2064\/revisions"}],"predecessor-version":[{"id":2069,"href":"https:\/\/dlaoswiaty.pl\/index.php\/wp-json\/wp\/v2\/pages\/2064\/revisions\/2069"}],"wp:attachment":[{"href":"https:\/\/dlaoswiaty.pl\/index.php\/wp-json\/wp\/v2\/media?parent=2064"}],"curies":[{"name":"wp","href":"https:\/\/api.w.org\/{rel}","templated":true}]}}