{"id":2099,"date":"2022-08-10T16:35:02","date_gmt":"2022-08-10T14:35:02","guid":{"rendered":"https:\/\/dlaoswiaty.pl\/?page_id=2099"},"modified":"2022-08-10T16:46:36","modified_gmt":"2022-08-10T14:46:36","slug":"muzea-w-lodzi","status":"publish","type":"page","link":"https:\/\/dlaoswiaty.pl\/index.php\/muzea-w-lodzi\/","title":{"rendered":"Muzea w \u0141odzi"},"content":{"rendered":"<p>[et_pb_section fb_built=&#8221;1&#8243; next_background_color=&#8221;#dbdbdb&#8221; _builder_version=&#8221;3.26.3&#8243; background_color=&#8221;#DDDDDD&#8221; width=&#8221;100%&#8221; min_height=&#8221;659px&#8221; custom_margin=&#8221;0px||-40px||false|false&#8221; custom_padding=&#8221;0px||0px||false|false&#8221; bottom_divider_style=&#8221;arrow2&#8243;][et_pb_row custom_padding=&#8221;0px||0px|||&#8221; custom_margin=&#8221;|auto|5px|auto||&#8221; _builder_version=&#8221;3.26.3&#8243; min_height=&#8221;30px&#8221;][et_pb_column type=&#8221;4_4&#8243; _builder_version=&#8221;3.26.3&#8243;][\/et_pb_column][\/et_pb_row][et_pb_row column_structure=&#8221;1_2,1_2&#8243; custom_padding=&#8221;0px||22px|||&#8221; custom_margin=&#8221;-2px|auto||auto||&#8221; _builder_version=&#8221;3.26.3&#8243; min_height=&#8221;36px&#8221;][et_pb_column type=&#8221;1_2&#8243; _builder_version=&#8221;3.26.3&#8243;][et_pb_text _builder_version=&#8221;3.26.3&#8243; header_text_color=&#8221;#000000&#8243; custom_margin=&#8221;-3px||-1px||false|false&#8221; custom_padding=&#8221;5px||0px||false|false&#8221;]<\/p>\n<h5 style=\"text-align: left;\"><span style=\"color: #000000;\">Muzea w \u0141odzi<\/span><\/h5>\n<p>[\/et_pb_text][et_pb_text _builder_version=&#8221;3.26.3&#8243; custom_margin=&#8221;||28px|||&#8221;]<\/p>\n<p>Muzeum Miasta \u0141odzi<br \/>Muzeum Kana\u0142u &#8220;D\u0119tka&#8221;<br \/>Muzeum Sportu I Turystyki<br \/>Muzeum Sztuki<br \/>Muzeum Pa\u0142ac Herbsta Oddzia\u0142 Muzeum Sztuki<br \/>Centralne Muzeum W\u0142\u00f3kiennictwa<br \/>Muzeum Fabryki<br \/>Muzeum Kinematografii<br \/>Muzeum Tradycji Niepodleg\u0142o\u015bciowych<br \/>Ku\u017ania Rom\u00f3w<br \/>Muzeum Archeologiczne I Etnograficzne<br \/>Muzeum Przyrodnicze<br \/>Zajezdnia Muzealna Brus<br \/>Muzeum Komunikacji MPK \u0141\u00f3d\u017a<br \/>Muzeum Farmacji<br \/>Muzeum Geologiczne<br \/>Muzeum Ksi\u0105\u017cki Artystycznej<br \/>Muzeum O\u015bwiaty Ziemi \u0141\u00f3dzkiej<br \/>Muzeum Widzewa<\/p>\n<p>[\/et_pb_text][et_pb_text _builder_version=&#8221;3.26.3&#8243; header_text_color=&#8221;#000000&#8243; custom_margin=&#8221;5px||-1px||false|false&#8221; custom_padding=&#8221;5px||0px||false|false&#8221;]<\/p>\n<h5 style=\"text-align: left;\"><span style=\"color: #000000;\">Muzea we Wroc\u0142awiu<\/span><\/h5>\n<p>[\/et_pb_text][et_pb_text _builder_version=&#8221;3.26.3&#8243; custom_margin=&#8221;||1px|||&#8221; custom_padding=&#8221;||17px|||&#8221;]<\/p>\n<p>Muzeum Narodowe<br \/>Panorama Rac\u0142awicka<br \/>Muzeum Mieszcza\u0144stwa Zabytkowy Ratusz<br \/>Muzeum Etnograficzne<br \/>Muzeum Historyczne Pa\u0142ac Kr\u00f3lewski<br \/>Muzeum Poczty i Telekomunikacji<br \/>Muzeum Archeologiczne z Muzeum Militari\u00f3w (Arsena\u0142)<br \/>Muzeum Architektury Dawny Klasztor Bernardyn\u00f3w<br \/>Muzeum Sztuki Cmentarnej<br \/>Muzeum Archidiecezjalne<br \/>Hydropolis &#8211; Muzeum Wody<br \/>Muzeum Sztuki Wsp\u00f3\u0142czesnej<br \/>Pawilon 4 Kopu\u0142 &#8211; Muzeum Sztuki Wsp\u00f3\u0142czesnej<\/p>\n<p>[\/et_pb_text][\/et_pb_column][et_pb_column type=&#8221;1_2&#8243; _builder_version=&#8221;3.26.3&#8243;][et_pb_text _builder_version=&#8221;3.26.3&#8243; header_text_color=&#8221;#000000&#8243; custom_margin=&#8221;-3px||-1px||false|false&#8221; custom_padding=&#8221;5px||0px||false|false&#8221;]<\/p>\n<h5 style=\"text-align: left;\"><span style=\"color: #000000;\">Muzea w Poznaniu<\/span><\/h5>\n<p>[\/et_pb_text][et_pb_text _builder_version=&#8221;3.26.3&#8243;]<\/p>\n<p>Muzeum Narodowe w Poznaniu<br \/>Muzeum Archeologiczne <br \/>Rogalowe Muzeum Poznania<br \/>Muzeum Sztuk U\u017cytkowych &#8211; Zamek Przemys\u0142a<br \/>Wielkopolskie Muzeum Niepodleg\u0142o\u015bci<br \/>Muzeum Bambr\u00f3w Pozna\u0144skich<br \/>Muzeum Archidiecezjalne &#8211; Akademia Lubra\u0144skiego<br \/>Muzeum Powstania Pozna\u0144skiego<br \/>Muzeum Martyrologii Wielkopolan<br \/>Muzeum Armii &#8220;Pozna\u0144&#8221;<br \/>Muzeum Broni Pancernej w Poznaniu<br \/>Muzeum Farmacji<br \/>Muzeum Historii Ubioru<br \/>Muzeum Historii Zoo<br \/>Pozna\u0144skie Muzeum Pyry<br \/>Muzeum Komunikacji Miejskiej MPK Pozna\u0144<br \/>Muzeum Czekolady<\/p>\n<p>[\/et_pb_text][et_pb_text _builder_version=&#8221;3.26.3&#8243; header_text_color=&#8221;#000000&#8243; custom_margin=&#8221;11px||-1px||false|false&#8221; custom_padding=&#8221;5px||0px||false|false&#8221;]<\/p>\n<h5 style=\"text-align: left;\"><span style=\"color: #000000;\">Muzea w Krakowie<\/span><\/h5>\n<p>[\/et_pb_text][et_pb_text _builder_version=&#8221;3.26.3&#8243; custom_margin=&#8221;||28px|||&#8221;]<\/p>\n<p>Muzeum Narodowe w Krakowie<br \/>Muzeum Krakowa<br \/>Muzeum Sztuki Wsp\u00f3\u0142czesnej<br \/>Zamek Kr\u00f3lewski na Wawelu<br \/>Muzeum Lotnictwa Polskiego<br \/>Muzeum In\u017cynierii i Techniki<br \/>Muzeum Fotografii<\/p>\n<p>[\/et_pb_text][et_pb_text _builder_version=&#8221;3.26.3&#8243; header_text_color=&#8221;#000000&#8243; custom_margin=&#8221;11px||-1px||false|false&#8221; custom_padding=&#8221;5px||0px||false|false&#8221;]<\/p>\n<h5 style=\"text-align: left;\"><span style=\"color: #000000;\">Muzea w Opolu<\/span><\/h5>\n<p>[\/et_pb_text][et_pb_text _builder_version=&#8221;3.26.3&#8243; custom_margin=&#8221;||28px|||&#8221;]<\/p>\n<p>Muzeum \u015al\u0105ska Opolskiego<br \/>Muzeum Wsi Opolskiej<br \/>Muzeum Polskiej Piosenki<\/p>\n<p>[\/et_pb_text][\/et_pb_column][\/et_pb_row][\/et_pb_section][et_pb_section fb_built=&#8221;1&#8243; _builder_version=&#8221;3.26.3&#8243; background_color=&#8221;#dbdbdb&#8221; min_height=&#8221;24px&#8221; custom_margin=&#8221;3px|||||&#8221; custom_padding=&#8221;1px||36px||false|false&#8221; top_divider_color=&#8221;#DDDDDD&#8221;][\/et_pb_section]<\/p>\n","protected":false},"excerpt":{"rendered":"<p>[et_pb_section fb_built=&#8221;1&#8243; next_background_color=&#8221;#dbdbdb&#8221; _builder_version=&#8221;3.26.3&#8243; background_color=&#8221;#DDDDDD&#8221; width=&#8221;100%&#8221; min_height=&#8221;659px&#8221; custom_margin=&#8221;0px||-40px||false|false&#8221; custom_padding=&#8221;0px||0px||false|false&#8221; bottom_divider_style=&#8221;arrow2&#8243;][et_pb_row custom_padding=&#8221;0px||0px|||&#8221; custom_margin=&#8221;|auto|5px|auto||&#8221; _builder_version=&#8221;3.26.3&#8243; min_height=&#8221;30px&#8221;][et_pb_column type=&#8221;4_4&#8243; _builder_version=&#8221;3.26.3&#8243;][\/et_pb_column][\/et_pb_row][et_pb_row column_structure=&#8221;1_2,1_2&#8243; custom_padding=&#8221;0px||22px|||&#8221; custom_margin=&#8221;-2px|auto||auto||&#8221; _builder_version=&#8221;3.26.3&#8243; min_height=&#8221;36px&#8221;][et_pb_column type=&#8221;1_2&#8243; _builder_version=&#8221;3.26.3&#8243;][et_pb_text _builder_version=&#8221;3.26.3&#8243; header_text_color=&#8221;#000000&#8243; custom_margin=&#8221;-3px||-1px||false|false&#8221; custom_padding=&#8221;5px||0px||false|false&#8221;] Muzea w \u0141odzi [\/et_pb_text][et_pb_text _builder_version=&#8221;3.26.3&#8243; custom_margin=&#8221;||28px|||&#8221;] Muzeum Miasta \u0141odziMuzeum Kana\u0142u &#8220;D\u0119tka&#8221;Muzeum Sportu I TurystykiMuzeum SztukiMuzeum Pa\u0142ac Herbsta Oddzia\u0142 Muzeum SztukiCentralne Muzeum W\u0142\u00f3kiennictwaMuzeum FabrykiMuzeum KinematografiiMuzeum Tradycji Niepodleg\u0142o\u015bciowychKu\u017ania Rom\u00f3wMuzeum Archeologiczne [&hellip;]<\/p>\n","protected":false},"author":2,"featured_media":0,"parent":0,"menu_order":0,"comment_status":"closed","ping_status":"closed","template":"","meta":{"_et_pb_use_builder":"on","_et_pb_old_content":"","footnotes":""},"class_list":["post-2099","page","type-page","status-publish","hentry"],"_links":{"self":[{"href":"https:\/\/dlaoswiaty.pl\/index.php\/wp-json\/wp\/v2\/pages\/2099"}],"collection":[{"href":"https:\/\/dlaoswiaty.pl\/index.php\/wp-json\/wp\/v2\/pages"}],"about":[{"href":"https:\/\/dlaoswiaty.pl\/index.php\/wp-json\/wp\/v2\/types\/page"}],"author":[{"embeddable":true,"href":"https:\/\/dlaoswiaty.pl\/index.php\/wp-json\/wp\/v2\/users\/2"}],"replies":[{"embeddable":true,"href":"https:\/\/dlaoswiaty.pl\/index.php\/wp-json\/wp\/v2\/comments?post=2099"}],"version-history":[{"count":5,"href":"https:\/\/dlaoswiaty.pl\/index.php\/wp-json\/wp\/v2\/pages\/2099\/revisions"}],"predecessor-version":[{"id":2108,"href":"https:\/\/dlaoswiaty.pl\/index.php\/wp-json\/wp\/v2\/pages\/2099\/revisions\/2108"}],"wp:attachment":[{"href":"https:\/\/dlaoswiaty.pl\/index.php\/wp-json\/wp\/v2\/media?parent=2099"}],"curies":[{"name":"wp","href":"https:\/\/api.w.org\/{rel}","templated":true}]}}