{"id":2125,"date":"2022-08-12T09:13:54","date_gmt":"2022-08-12T07:13:54","guid":{"rendered":"https:\/\/dlaoswiaty.pl\/?page_id=2125"},"modified":"2023-10-06T19:04:45","modified_gmt":"2023-10-06T17:04:45","slug":"instytucje-kultury-2","status":"publish","type":"page","link":"https:\/\/dlaoswiaty.pl\/index.php\/instytucje-kultury-2\/","title":{"rendered":"Instytucje Kultury 2"},"content":{"rendered":"<p>[et_pb_section fb_built=&#8221;1&#8243; next_background_color=&#8221;#dbdbdb&#8221; _builder_version=&#8221;3.26.3&#8243; background_color=&#8221;#DDDDDD&#8221; width=&#8221;100%&#8221; min_height=&#8221;659px&#8221; custom_margin=&#8221;0px||-40px||false|false&#8221; custom_padding=&#8221;0px||0px||false|false&#8221; bottom_divider_style=&#8221;arrow2&#8243;][et_pb_row custom_padding=&#8221;0px||0px|||&#8221; custom_margin=&#8221;|auto|5px|auto||&#8221; _builder_version=&#8221;3.26.3&#8243; min_height=&#8221;30px&#8221;][et_pb_column type=&#8221;4_4&#8243; _builder_version=&#8221;3.26.3&#8243;][\/et_pb_column][\/et_pb_row][et_pb_row column_structure=&#8221;1_2,1_2&#8243; custom_padding=&#8221;0px||22px|||&#8221; custom_margin=&#8221;-2px|auto||auto||&#8221; _builder_version=&#8221;3.26.3&#8243; min_height=&#8221;36px&#8221;][et_pb_column type=&#8221;1_2&#8243; _builder_version=&#8221;3.26.3&#8243;][et_pb_text _builder_version=&#8221;3.26.3&#8243; header_text_color=&#8221;#000000&#8243; custom_margin=&#8221;-3px||-1px||false|false&#8221; custom_padding=&#8221;5px||0px||false|false&#8221;]<\/p>\n<h5 style=\"text-align: left;\"><span style=\"color: #000000;\">Instytucje Kultury w Gda\u0144sku<\/span><\/h5>\n<p>[\/et_pb_text][et_pb_text _builder_version=&#8221;3.26.3&#8243; custom_margin=&#8221;||28px|||&#8221;]<\/p>\n<p>Klub \u017bAK<br \/>Nadba\u0142tyckie Centrum Kultury w Gda\u0144sku<br \/>Centrum Sztuki Wsp\u00f3\u0142czesnej \u201e\u0141a\u017ania\u201d <br \/>Europejskie Centrum Solidarno\u015bci<br \/>Centrum Hewelianum<br \/>Instytut Kultury Miejskiej<\/p>\n<p>[\/et_pb_text][et_pb_text _builder_version=&#8221;3.26.3&#8243; header_text_color=&#8221;#000000&#8243; custom_margin=&#8221;5px||-1px||false|false&#8221; custom_padding=&#8221;5px||0px||false|false&#8221;]<\/p>\n<h5 style=\"text-align: left;\"><span style=\"color: #000000;\">Instytucje Kultury w \u0141odzi<\/span><\/h5>\n<p>[\/et_pb_text][et_pb_text _builder_version=&#8221;3.26.3&#8243; custom_margin=&#8221;||1px|||&#8221; custom_padding=&#8221;||17px|||&#8221;]<\/p>\n<p>Akademicki O\u015brodek Inicjatyw Artystycznych <br \/>Ba\u0142ucki O\u015brodek Kultury \u201eLutnia\u201d<br \/>Ba\u0142ucki O\u015brodek Kultury \u201eNa \u017bubardzkiej\u201d<br \/>Ba\u0142ucki O\u015brodek Kultury \u201eRondo\u201d<br \/>Centrum Kultury M\u0142odych <br \/>Dom Literatury w \u0141odzi <br \/>\u0141\u00f3dzki Dom Kultury <br \/>O\u015brodek Kultury \u201eG\u00f3rna\u201d<br \/>Widzewskie Domy Kultury<\/p>\n<p>[\/et_pb_text][\/et_pb_column][et_pb_column type=&#8221;1_2&#8243; _builder_version=&#8221;3.26.3&#8243;][et_pb_text _builder_version=&#8221;3.26.3&#8243; header_text_color=&#8221;#000000&#8243; custom_margin=&#8221;-3px||-1px||false|false&#8221; custom_padding=&#8221;5px||0px||false|false&#8221;]<\/p>\n<h5 style=\"text-align: left;\"><span style=\"color: #000000;\">Instytucje Kultury w Poznaniu<\/span><\/h5>\n<p>[\/et_pb_text][et_pb_text _builder_version=&#8221;3.26.3&#8243;]<\/p>\n<p>Centrum Kultury Zamek <br \/>Centrum Sztuki Dziecka w Poznaniu<br \/>Centrum Turystyki Kulturowej TRAKT <br \/>Estrada Pozna\u0144ska<br \/>Galeria Miejska ARSENA\u0141<\/p>\n<p>[\/et_pb_text][et_pb_text _builder_version=&#8221;3.26.3&#8243; header_text_color=&#8221;#000000&#8243; custom_margin=&#8221;11px||-1px||false|false&#8221; custom_padding=&#8221;5px||0px||false|false&#8221;]<\/p>\n<h5 style=\"text-align: left;\"><span style=\"color: #000000;\">Instytucje Kultury w Wroc\u0142awiu<\/span><\/h5>\n<p>[\/et_pb_text][et_pb_text _builder_version=&#8221;3.26.3&#8243; custom_margin=&#8221;||28px|||&#8221;]<\/p>\n<p><span>Narodowe Forum Muzyki<span class=\"Apple-converted-space\">\u00a0<\/span><\/span><span>im. Witolda Lutos\u0142awskiego we Wroc\u0142awiu<br \/><\/span><span><a href=\"mailto:rezerwacje@nfm.wroclaw.pl\"><\/a><\/span>Instytut im. Jerzego Grotowskiego<br \/> Centrum Kultury Agora<br \/> Centrum Kultury Zamek<br \/> Centrum Kultury Wroc\u0142aw &#8211; Zach\u00f3d<br \/> O\u015brodek Dzia\u0142a\u0144 Tw\u00f3rczych \u015awiatowid<br \/> O\u015brodek Dzia\u0142a\u0144 Artystycznych Firlej<br \/> O\u015brodek Postaw Tw\u00f3rczych<br \/> Klub Pod Kolumnami<br \/> Wroc\u0142awski Klub Formaty<br \/> Wroc\u0142awski Klub Anima<br \/> Ognisko Kultury Plastycznej im. Eugeniusza Gepperta<br \/> Wroc\u0142awski Dom Literatury<\/p>\n<p>[\/et_pb_text][\/et_pb_column][\/et_pb_row][\/et_pb_section][et_pb_section fb_built=&#8221;1&#8243; _builder_version=&#8221;3.26.3&#8243; background_color=&#8221;#dbdbdb&#8221; min_height=&#8221;24px&#8221; custom_margin=&#8221;3px|||||&#8221; custom_padding=&#8221;1px||36px||false|false&#8221; top_divider_color=&#8221;#DDDDDD&#8221;][\/et_pb_section]<\/p>\n","protected":false},"excerpt":{"rendered":"<p>[et_pb_section fb_built=&#8221;1&#8243; next_background_color=&#8221;#dbdbdb&#8221; _builder_version=&#8221;3.26.3&#8243; background_color=&#8221;#DDDDDD&#8221; width=&#8221;100%&#8221; min_height=&#8221;659px&#8221; custom_margin=&#8221;0px||-40px||false|false&#8221; custom_padding=&#8221;0px||0px||false|false&#8221; bottom_divider_style=&#8221;arrow2&#8243;][et_pb_row custom_padding=&#8221;0px||0px|||&#8221; custom_margin=&#8221;|auto|5px|auto||&#8221; _builder_version=&#8221;3.26.3&#8243; min_height=&#8221;30px&#8221;][et_pb_column type=&#8221;4_4&#8243; _builder_version=&#8221;3.26.3&#8243;][\/et_pb_column][\/et_pb_row][et_pb_row column_structure=&#8221;1_2,1_2&#8243; custom_padding=&#8221;0px||22px|||&#8221; custom_margin=&#8221;-2px|auto||auto||&#8221; _builder_version=&#8221;3.26.3&#8243; min_height=&#8221;36px&#8221;][et_pb_column type=&#8221;1_2&#8243; _builder_version=&#8221;3.26.3&#8243;][et_pb_text _builder_version=&#8221;3.26.3&#8243; header_text_color=&#8221;#000000&#8243; custom_margin=&#8221;-3px||-1px||false|false&#8221; custom_padding=&#8221;5px||0px||false|false&#8221;] Instytucje Kultury w Gda\u0144sku [\/et_pb_text][et_pb_text _builder_version=&#8221;3.26.3&#8243; custom_margin=&#8221;||28px|||&#8221;] Klub \u017bAKNadba\u0142tyckie Centrum Kultury w Gda\u0144skuCentrum Sztuki Wsp\u00f3\u0142czesnej \u201e\u0141a\u017ania\u201d Europejskie Centrum Solidarno\u015bciCentrum HewelianumInstytut Kultury Miejskiej [\/et_pb_text][et_pb_text _builder_version=&#8221;3.26.3&#8243; header_text_color=&#8221;#000000&#8243; custom_margin=&#8221;5px||-1px||false|false&#8221; custom_padding=&#8221;5px||0px||false|false&#8221;] Instytucje [&hellip;]<\/p>\n","protected":false},"author":2,"featured_media":0,"parent":0,"menu_order":0,"comment_status":"closed","ping_status":"closed","template":"","meta":{"_et_pb_use_builder":"on","_et_pb_old_content":"","footnotes":""},"class_list":["post-2125","page","type-page","status-publish","hentry"],"_links":{"self":[{"href":"https:\/\/dlaoswiaty.pl\/index.php\/wp-json\/wp\/v2\/pages\/2125"}],"collection":[{"href":"https:\/\/dlaoswiaty.pl\/index.php\/wp-json\/wp\/v2\/pages"}],"about":[{"href":"https:\/\/dlaoswiaty.pl\/index.php\/wp-json\/wp\/v2\/types\/page"}],"author":[{"embeddable":true,"href":"https:\/\/dlaoswiaty.pl\/index.php\/wp-json\/wp\/v2\/users\/2"}],"replies":[{"embeddable":true,"href":"https:\/\/dlaoswiaty.pl\/index.php\/wp-json\/wp\/v2\/comments?post=2125"}],"version-history":[{"count":4,"href":"https:\/\/dlaoswiaty.pl\/index.php\/wp-json\/wp\/v2\/pages\/2125\/revisions"}],"predecessor-version":[{"id":2880,"href":"https:\/\/dlaoswiaty.pl\/index.php\/wp-json\/wp\/v2\/pages\/2125\/revisions\/2880"}],"wp:attachment":[{"href":"https:\/\/dlaoswiaty.pl\/index.php\/wp-json\/wp\/v2\/media?parent=2125"}],"curies":[{"name":"wp","href":"https:\/\/api.w.org\/{rel}","templated":true}]}}