{"id":2131,"date":"2022-08-12T09:22:09","date_gmt":"2022-08-12T07:22:09","guid":{"rendered":"https:\/\/dlaoswiaty.pl\/?page_id=2131"},"modified":"2022-08-12T09:27:21","modified_gmt":"2022-08-12T07:27:21","slug":"instytucje-kultury-3","status":"publish","type":"page","link":"https:\/\/dlaoswiaty.pl\/index.php\/instytucje-kultury-3\/","title":{"rendered":"Instytucje Kultury 3"},"content":{"rendered":"<p>[et_pb_section fb_built=&#8221;1&#8243; next_background_color=&#8221;#dbdbdb&#8221; _builder_version=&#8221;3.26.3&#8243; background_color=&#8221;#DDDDDD&#8221; width=&#8221;100%&#8221; min_height=&#8221;659px&#8221; custom_margin=&#8221;0px||-40px||false|false&#8221; custom_padding=&#8221;0px||0px||false|false&#8221; bottom_divider_style=&#8221;arrow2&#8243;][et_pb_row custom_padding=&#8221;0px||0px|||&#8221; custom_margin=&#8221;|auto|5px|auto||&#8221; _builder_version=&#8221;3.26.3&#8243; min_height=&#8221;30px&#8221;][et_pb_column type=&#8221;4_4&#8243; _builder_version=&#8221;3.26.3&#8243;][\/et_pb_column][\/et_pb_row][et_pb_row column_structure=&#8221;1_2,1_2&#8243; custom_padding=&#8221;0px||22px|||&#8221; custom_margin=&#8221;-2px|auto||auto||&#8221; _builder_version=&#8221;3.26.3&#8243; min_height=&#8221;36px&#8221;][et_pb_column type=&#8221;1_2&#8243; _builder_version=&#8221;3.26.3&#8243;][et_pb_text _builder_version=&#8221;3.26.3&#8243; header_text_color=&#8221;#000000&#8243; custom_margin=&#8221;-3px||-1px||false|false&#8221; custom_padding=&#8221;5px||0px||false|false&#8221;]<\/p>\n<h5 style=\"text-align: left;\"><span style=\"color: #000000;\">Instytucje Kultury w Opolu<\/span><\/h5>\n<p>[\/et_pb_text][et_pb_text _builder_version=&#8221;3.26.3&#8243; custom_margin=&#8221;||28px|||&#8221;]<\/p>\n<p>Miejski O\u015brodek Kultury w Opolu<br \/>Gminny O\u015brodek Kultury w Dobrzeniu Wielkim <br \/>Gminny O\u015brodek Kultury i Sportu w Pr\u00f3szkowie <br \/>Gminny O\u015brodek Kultury w Popielowie<br \/>Gminny O\u015brodek Kultury w Tarnowie Opolskim<br \/>\u0141ubnia\u0144ski O\u015brodek Dzia\u0142alno\u015bci Kulturalnej <br \/>O\u015brodek Kultury i Sportu w Ozimku <br \/>O\u015brodek Kultury w Niemodlinie <br \/>Samorz\u0105dowy O\u015brodek Kultury w Komprachcicach<br \/>Tu\u0142owicki O\u015brodek Kultury<\/p>\n<p>[\/et_pb_text][et_pb_text _builder_version=&#8221;3.26.3&#8243; header_text_color=&#8221;#000000&#8243; custom_margin=&#8221;5px||-1px||false|false&#8221; custom_padding=&#8221;5px||0px||false|false&#8221;]<\/p>\n<h5 style=\"text-align: left;\"><span style=\"color: #000000;\">Instytucje Kultury w Krakowie<\/span><\/h5>\n<p>[\/et_pb_text][et_pb_text _builder_version=&#8221;3.26.3&#8243; custom_margin=&#8221;||1px|||&#8221; custom_padding=&#8221;||17px|||&#8221;]<\/p>\n<p>Centrum Kultury \u201eRotunda\u201d<br \/>Centrum Kultury Podg\u00f3rza<br \/>Centrum Kultury \u201eDworek Bia\u0142opr\u0105dnicki\u201d<br \/>M\u0142odzie\u017cowy Dom Kultury<br \/>Pracownia Artystyczna MDK <br \/>M\u0142odzie\u017cowy Dom Kultury im. Andrzeja Bursy<br \/>M\u0142odzie\u017cowy Dom Kultury \u201eDom Harcerza\u201d <br \/>M\u0142odzie\u017cowy Dom Kultury Fort 49 \u201eKrzes\u0142awice\u201d<br \/>Nowohuckie Centrum Kultury<br \/>O\u015brodek Kultury im. C. K. Norwida<br \/>O\u015brodek Kultury Krak\u00f3w &#8211; Nowa Huta<br \/>O\u015brodek Kultury Ruczaj<br \/>Staromiejskie Centrum Kultury M\u0142odzie\u017cy w Krakowie<br \/>\u015ar\u00f3dmiejski O\u015brodek Kultury<\/p>\n<p>[\/et_pb_text][\/et_pb_column][et_pb_column type=&#8221;1_2&#8243; _builder_version=&#8221;3.26.3&#8243;][et_pb_text _builder_version=&#8221;3.26.3&#8243; header_text_color=&#8221;#000000&#8243; custom_margin=&#8221;-3px||-1px||false|false&#8221; custom_padding=&#8221;5px||0px||false|false&#8221;]<\/p>\n<h5 style=\"text-align: left;\"><span style=\"color: #000000;\">Instytucje Kultury w Katowicach<\/span><\/h5>\n<p>[\/et_pb_text][et_pb_text _builder_version=&#8221;3.26.3&#8243;]<\/p>\n<p>Regionalny Instytut Kultury w Katowicach<br \/>Instytucja Kultury Ars Cameralis <br \/>Silesiae Superioris<\/p>\n<p>[\/et_pb_text][et_pb_text _builder_version=&#8221;3.26.3&#8243; header_text_color=&#8221;#000000&#8243; custom_margin=&#8221;11px||-1px||false|false&#8221; custom_padding=&#8221;5px||0px||false|false&#8221;]<\/p>\n<h5 style=\"text-align: left;\"><span style=\"color: #000000;\">Instytucje Kultury w Zielonej G\u00f3rze<\/span><\/h5>\n<p>[\/et_pb_text][et_pb_text _builder_version=&#8221;3.26.3&#8243; custom_margin=&#8221;||28px|||&#8221;]<\/p>\n<p>Regionalne Centrum Animacji Kultury<\/p>\n<p>[\/et_pb_text][et_pb_text _builder_version=&#8221;3.26.3&#8243; header_text_color=&#8221;#000000&#8243; custom_margin=&#8221;11px||-1px||false|false&#8221; custom_padding=&#8221;5px||0px||false|false&#8221;]<\/p>\n<h5 style=\"text-align: left;\"><span style=\"color: #000000;\">Instytucje Kultury w Kielcach<\/span><\/h5>\n<p>[\/et_pb_text][et_pb_text _builder_version=&#8221;3.26.3&#8243; custom_margin=&#8221;||28px|||&#8221;]<\/p>\n<p>\u015awi\u0119tokrzyskie Towarzystwo Zach\u0119ty Sztuk Pi\u0119knych <br \/>Wojew\u00f3dzki Dom Kultury im. J. Pi\u0142sudskiego <br \/>Dom \u015arodowisk Tw\u00f3rczych Pa\u0142acyk Tomasza Zieli\u0144skiego <br \/>Kieleckie Centrum Kultury <br \/>M\u0142odzie\u017cowy Dom Kultury<\/p>\n<p>[\/et_pb_text][et_pb_text _builder_version=&#8221;3.26.3&#8243; header_text_color=&#8221;#000000&#8243; custom_margin=&#8221;11px||-1px||false|false&#8221; custom_padding=&#8221;5px||0px||false|false&#8221;]<\/p>\n<h5 style=\"text-align: left;\"><span style=\"color: #000000;\">Instytucje Kultury w Rzeszowie<\/span><\/h5>\n<p>[\/et_pb_text][et_pb_text _builder_version=&#8221;3.26.3&#8243; custom_margin=&#8221;||28px|||&#8221;]<\/p>\n<p>Rzeszowski Dom Kultury <br \/>M\u0142odzie\u017cowy Dom Kultury <br \/>Rzeszowski Inkubator Kultury<\/p>\n<p>[\/et_pb_text][\/et_pb_column][\/et_pb_row][\/et_pb_section][et_pb_section fb_built=&#8221;1&#8243; _builder_version=&#8221;3.26.3&#8243; background_color=&#8221;#dbdbdb&#8221; min_height=&#8221;24px&#8221; custom_margin=&#8221;3px|||||&#8221; custom_padding=&#8221;1px||36px||false|false&#8221; top_divider_color=&#8221;#DDDDDD&#8221;][\/et_pb_section]<\/p>\n","protected":false},"excerpt":{"rendered":"<p>[et_pb_section fb_built=&#8221;1&#8243; next_background_color=&#8221;#dbdbdb&#8221; _builder_version=&#8221;3.26.3&#8243; background_color=&#8221;#DDDDDD&#8221; width=&#8221;100%&#8221; min_height=&#8221;659px&#8221; custom_margin=&#8221;0px||-40px||false|false&#8221; custom_padding=&#8221;0px||0px||false|false&#8221; bottom_divider_style=&#8221;arrow2&#8243;][et_pb_row custom_padding=&#8221;0px||0px|||&#8221; custom_margin=&#8221;|auto|5px|auto||&#8221; _builder_version=&#8221;3.26.3&#8243; min_height=&#8221;30px&#8221;][et_pb_column type=&#8221;4_4&#8243; _builder_version=&#8221;3.26.3&#8243;][\/et_pb_column][\/et_pb_row][et_pb_row column_structure=&#8221;1_2,1_2&#8243; custom_padding=&#8221;0px||22px|||&#8221; custom_margin=&#8221;-2px|auto||auto||&#8221; _builder_version=&#8221;3.26.3&#8243; min_height=&#8221;36px&#8221;][et_pb_column type=&#8221;1_2&#8243; _builder_version=&#8221;3.26.3&#8243;][et_pb_text _builder_version=&#8221;3.26.3&#8243; header_text_color=&#8221;#000000&#8243; custom_margin=&#8221;-3px||-1px||false|false&#8221; custom_padding=&#8221;5px||0px||false|false&#8221;] Instytucje Kultury w Opolu [\/et_pb_text][et_pb_text _builder_version=&#8221;3.26.3&#8243; custom_margin=&#8221;||28px|||&#8221;] Miejski O\u015brodek Kultury w OpoluGminny O\u015brodek Kultury w Dobrzeniu Wielkim Gminny O\u015brodek Kultury i Sportu w Pr\u00f3szkowie Gminny O\u015brodek Kultury w [&hellip;]<\/p>\n","protected":false},"author":2,"featured_media":0,"parent":0,"menu_order":0,"comment_status":"closed","ping_status":"closed","template":"","meta":{"_et_pb_use_builder":"on","_et_pb_old_content":"","footnotes":""},"class_list":["post-2131","page","type-page","status-publish","hentry"],"_links":{"self":[{"href":"https:\/\/dlaoswiaty.pl\/index.php\/wp-json\/wp\/v2\/pages\/2131"}],"collection":[{"href":"https:\/\/dlaoswiaty.pl\/index.php\/wp-json\/wp\/v2\/pages"}],"about":[{"href":"https:\/\/dlaoswiaty.pl\/index.php\/wp-json\/wp\/v2\/types\/page"}],"author":[{"embeddable":true,"href":"https:\/\/dlaoswiaty.pl\/index.php\/wp-json\/wp\/v2\/users\/2"}],"replies":[{"embeddable":true,"href":"https:\/\/dlaoswiaty.pl\/index.php\/wp-json\/wp\/v2\/comments?post=2131"}],"version-history":[{"count":3,"href":"https:\/\/dlaoswiaty.pl\/index.php\/wp-json\/wp\/v2\/pages\/2131\/revisions"}],"predecessor-version":[{"id":2135,"href":"https:\/\/dlaoswiaty.pl\/index.php\/wp-json\/wp\/v2\/pages\/2131\/revisions\/2135"}],"wp:attachment":[{"href":"https:\/\/dlaoswiaty.pl\/index.php\/wp-json\/wp\/v2\/media?parent=2131"}],"curies":[{"name":"wp","href":"https:\/\/api.w.org\/{rel}","templated":true}]}}